{"id":186,"date":"2025-04-04T09:02:54","date_gmt":"2025-04-04T07:02:54","guid":{"rendered":"https:\/\/levelup4spindles.de\/?page_id=186"},"modified":"2025-04-21T12:18:35","modified_gmt":"2025-04-21T10:18:35","slug":"ueber-uns-3","status":"publish","type":"page","link":"https:\/\/levelupspindles.de\/de_de\/ueber-uns-3\/","title":{"rendered":"\u00dcber uns"},"content":{"rendered":"<h2>Wir f\u00fcr Sie: Gemeinsam auf einem starken Netzwerk Fundament<\/h2>\n<p>Profitieren Sie von rund 20 Jahren Industrieerfahrung in den Bereichen Service, Projektierung und Fertigungsautomatisierung. Wir bieten ma\u00dfgeschneiderte L\u00f6sungen, die den Kundennutzen in den Mittelpunkt stellen.<\/p>\n<p>Technische und kaufm\u00e4nnische Verantwortliche m\u00fcssen j\u00e4hrlich zahlreiche Artikel \u2013 von Neukomponenten \u00fcber Ersatzteile bis hin zu Reparaturen \u2013 pr\u00fcfen und beschaffen. Besonders bei Motorspindeln und Antriebssystemen, die zu den relevanteren und kostenintensiveren Artikeln geh\u00f6ren, bleibt oft wenig Zeit f\u00fcr eine detaillierte Marktanalyse und die qualifizierte Auswahl von Lieferanten. Wir wissen, dass dieser Prozess sehr zeitaufwendig ist und eine fundierte Entscheidung erfordert, die sowohl Qualit\u00e4t, Beschaffungszeit als auch Kosten ber\u00fccksichtigt. Genau hier setzen wir an.<\/p>\n<p>Mit der im Oktober 2024 gegr\u00fcndeten LevelupSpindles verfolgen wir ein innovatives Gesch\u00e4ftskonzept, das die Optimierung und Standardisierung von L\u00f6sungen f\u00fcr Motorspindeln und industrielle Antriebssysteme vorantreibt. Als unabh\u00e4ngiger Partner f\u00fcr alle Motoren- und Spindelhersteller sowie Reparaturwerkst\u00e4tten bieten wir Ihnen flexible, passgenaue L\u00f6sungen. Durch unsere partnerschaftliche Zusammenarbeit mit sorgf\u00e4ltig qualifizierten und ausgew\u00e4hlten Dienstleistern garantieren wir hochwertige L\u00f6sungen und faire Preise. Wir verbinden den individuellen Bedarf unserer Kunden mit der Expertise professioneller Werkst\u00e4tten und Spezialisten, wobei wir stets f\u00fcr alle Anliegen der zentrale Ansprechpartner bleiben. F\u00fcr Neuprojekte arbeiten wir mit f\u00fchrenden globalen Herstellern zusammen, die Reparaturen erfolgen in spezialisierten Werkst\u00e4tten innerhalb der EU, vor allem in Deutschland \u2013 einem der weltweit f\u00fchrenden Standorte f\u00fcr Pr\u00e4zisionsreparaturen.<\/p>\n<p>Wir bauen unser Netzwerk stetig aus und wachsen f\u00fcr Sie, um Ihnen dauerhaft den bestm\u00f6glichen Service zu bieten. F\u00fcr uns stehen der Mehrwert f\u00fcr unsere Kunden und die Wertsch\u00e4tzung unserer starken Partner gleicherma\u00dfen an erster Stelle. Profitieren Sie von unserer einzigartigen Marktpositionierung und unserem umfassenden Serviceangebot \u2013 f\u00fcr eine langfristige und erfolgreiche Partnerschaft.<\/p>\n","protected":false},"excerpt":{"rendered":"<p>Wir f\u00fcr Sie: Gemeinsam auf einem starken Netzwerk Fundament Profitieren Sie von rund 20 Jahren Industrieerfahrung in den Bereichen Service, Projektierung und Fertigungsautomatisierung. Wir bieten ma\u00dfgeschneiderte L\u00f6sungen, die den Kundennutzen in den Mittelpunkt stellen. Technische und kaufm\u00e4nnische Verantwortliche m\u00fcssen j\u00e4hrlich zahlreiche Artikel \u2013 von Neukomponenten \u00fcber Ersatzteile bis hin zu Reparaturen \u2013 pr\u00fcfen und beschaffen. [&hellip;]<\/p>\n","protected":false},"author":1,"featured_media":0,"parent":0,"menu_order":0,"comment_status":"closed","ping_status":"closed","template":"","meta":{"footnotes":""},"class_list":["post-186","page","type-page","status-publish","hentry"],"yoast_head":"<!-- This site is optimized with the Yoast SEO plugin v25.0 - https:\/\/yoast.com\/wordpress\/plugins\/seo\/ -->\n<title>\u00dcber uns - levelupspindles<\/title>\n<meta name=\"robots\" content=\"index, follow, max-snippet:-1, max-image-preview:large, max-video-preview:-1\" \/>\n<link rel=\"canonical\" href=\"https:\/\/levelupspindles.de\/de_de\/ueber-uns-3\/\" \/>\n<meta property=\"og:locale\" content=\"de_DE\" \/>\n<meta property=\"og:type\" content=\"article\" \/>\n<meta property=\"og:title\" content=\"\u00dcber uns - levelupspindles\" \/>\n<meta property=\"og:description\" content=\"Wir f\u00fcr Sie: Gemeinsam auf einem starken Netzwerk Fundament Profitieren Sie von rund 20 Jahren Industrieerfahrung in den Bereichen Service, Projektierung und Fertigungsautomatisierung. Wir bieten ma\u00dfgeschneiderte L\u00f6sungen, die den Kundennutzen in den Mittelpunkt stellen. Technische und kaufm\u00e4nnische Verantwortliche m\u00fcssen j\u00e4hrlich zahlreiche Artikel \u2013 von Neukomponenten \u00fcber Ersatzteile bis hin zu Reparaturen \u2013 pr\u00fcfen und beschaffen. [&hellip;]\" \/>\n<meta property=\"og:url\" content=\"https:\/\/levelupspindles.de\/de_de\/ueber-uns-3\/\" \/>\n<meta property=\"og:site_name\" content=\"levelupspindles\" \/>\n<meta property=\"article:modified_time\" content=\"2025-04-21T10:18:35+00:00\" \/>\n<meta name=\"twitter:card\" content=\"summary_large_image\" \/>\n<meta name=\"twitter:label1\" content=\"Gesch\u00e4tzte Lesezeit\" \/>\n\t<meta name=\"twitter:data1\" content=\"2\u00a0Minuten\" \/>\n<script type=\"application\/ld+json\" class=\"yoast-schema-graph\">{\"@context\":\"https:\/\/schema.org\",\"@graph\":[{\"@type\":\"WebPage\",\"@id\":\"https:\/\/levelupspindles.de\/ueber-uns-3\/\",\"url\":\"https:\/\/levelupspindles.de\/ueber-uns-3\/\",\"name\":\"\u00dcber uns - levelupspindles\",\"isPartOf\":{\"@id\":\"https:\/\/levelupspindles.de\/de_de\/#website\"},\"datePublished\":\"2025-04-04T07:02:54+00:00\",\"dateModified\":\"2025-04-21T10:18:35+00:00\",\"breadcrumb\":{\"@id\":\"https:\/\/levelupspindles.de\/ueber-uns-3\/#breadcrumb\"},\"inLanguage\":\"de\",\"potentialAction\":[{\"@type\":\"ReadAction\",\"target\":[\"https:\/\/levelupspindles.de\/ueber-uns-3\/\"]}]},{\"@type\":\"BreadcrumbList\",\"@id\":\"https:\/\/levelupspindles.de\/ueber-uns-3\/#breadcrumb\",\"itemListElement\":[{\"@type\":\"ListItem\",\"position\":1,\"name\":\"Startseite\",\"item\":\"https:\/\/levelupspindles.de\/de_de\/\"},{\"@type\":\"ListItem\",\"position\":2,\"name\":\"\u00dcber uns\"}]},{\"@type\":\"WebSite\",\"@id\":\"https:\/\/levelupspindles.de\/de_de\/#website\",\"url\":\"https:\/\/levelupspindles.de\/de_de\/\",\"name\":\"levelupspindles\",\"description\":\"\",\"publisher\":{\"@id\":\"https:\/\/levelupspindles.de\/de_de\/#organization\"},\"potentialAction\":[{\"@type\":\"SearchAction\",\"target\":{\"@type\":\"EntryPoint\",\"urlTemplate\":\"https:\/\/levelupspindles.de\/de_de\/?s={search_term_string}\"},\"query-input\":{\"@type\":\"PropertyValueSpecification\",\"valueRequired\":true,\"valueName\":\"search_term_string\"}}],\"inLanguage\":\"de\"},{\"@type\":\"Organization\",\"@id\":\"https:\/\/levelupspindles.de\/de_de\/#organization\",\"name\":\"levelupspindles\",\"url\":\"https:\/\/levelupspindles.de\/de_de\/\",\"logo\":{\"@type\":\"ImageObject\",\"inLanguage\":\"de\",\"@id\":\"https:\/\/levelupspindles.de\/de_de\/#\/schema\/logo\/image\/\",\"url\":\"https:\/\/levelupspindles.de\/wp-content\/uploads\/2025\/05\/LUS-LOGO-1253x600-3.png\",\"contentUrl\":\"https:\/\/levelupspindles.de\/wp-content\/uploads\/2025\/05\/LUS-LOGO-1253x600-3.png\",\"width\":1253,\"height\":600,\"caption\":\"levelupspindles\"},\"image\":{\"@id\":\"https:\/\/levelupspindles.de\/de_de\/#\/schema\/logo\/image\/\"}}]}<\/script>\n<!-- \/ Yoast SEO plugin. -->","yoast_head_json":{"title":"\u00dcber uns - levelupspindles","robots":{"index":"index","follow":"follow","max-snippet":"max-snippet:-1","max-image-preview":"max-image-preview:large","max-video-preview":"max-video-preview:-1"},"canonical":"https:\/\/levelupspindles.de\/de_de\/ueber-uns-3\/","og_locale":"de_DE","og_type":"article","og_title":"\u00dcber uns - levelupspindles","og_description":"Wir f\u00fcr Sie: Gemeinsam auf einem starken Netzwerk Fundament Profitieren Sie von rund 20 Jahren Industrieerfahrung in den Bereichen Service, Projektierung und Fertigungsautomatisierung. Wir bieten ma\u00dfgeschneiderte L\u00f6sungen, die den Kundennutzen in den Mittelpunkt stellen. Technische und kaufm\u00e4nnische Verantwortliche m\u00fcssen j\u00e4hrlich zahlreiche Artikel \u2013 von Neukomponenten \u00fcber Ersatzteile bis hin zu Reparaturen \u2013 pr\u00fcfen und beschaffen. [&hellip;]","og_url":"https:\/\/levelupspindles.de\/de_de\/ueber-uns-3\/","og_site_name":"levelupspindles","article_modified_time":"2025-04-21T10:18:35+00:00","twitter_card":"summary_large_image","twitter_misc":{"Gesch\u00e4tzte Lesezeit":"2\u00a0Minuten"},"schema":{"@context":"https:\/\/schema.org","@graph":[{"@type":"WebPage","@id":"https:\/\/levelupspindles.de\/ueber-uns-3\/","url":"https:\/\/levelupspindles.de\/ueber-uns-3\/","name":"\u00dcber uns - levelupspindles","isPartOf":{"@id":"https:\/\/levelupspindles.de\/de_de\/#website"},"datePublished":"2025-04-04T07:02:54+00:00","dateModified":"2025-04-21T10:18:35+00:00","breadcrumb":{"@id":"https:\/\/levelupspindles.de\/ueber-uns-3\/#breadcrumb"},"inLanguage":"de","potentialAction":[{"@type":"ReadAction","target":["https:\/\/levelupspindles.de\/ueber-uns-3\/"]}]},{"@type":"BreadcrumbList","@id":"https:\/\/levelupspindles.de\/ueber-uns-3\/#breadcrumb","itemListElement":[{"@type":"ListItem","position":1,"name":"Startseite","item":"https:\/\/levelupspindles.de\/de_de\/"},{"@type":"ListItem","position":2,"name":"\u00dcber uns"}]},{"@type":"WebSite","@id":"https:\/\/levelupspindles.de\/de_de\/#website","url":"https:\/\/levelupspindles.de\/de_de\/","name":"levelupspindles","description":"","publisher":{"@id":"https:\/\/levelupspindles.de\/de_de\/#organization"},"potentialAction":[{"@type":"SearchAction","target":{"@type":"EntryPoint","urlTemplate":"https:\/\/levelupspindles.de\/de_de\/?s={search_term_string}"},"query-input":{"@type":"PropertyValueSpecification","valueRequired":true,"valueName":"search_term_string"}}],"inLanguage":"de"},{"@type":"Organization","@id":"https:\/\/levelupspindles.de\/de_de\/#organization","name":"levelupspindles","url":"https:\/\/levelupspindles.de\/de_de\/","logo":{"@type":"ImageObject","inLanguage":"de","@id":"https:\/\/levelupspindles.de\/de_de\/#\/schema\/logo\/image\/","url":"https:\/\/levelupspindles.de\/wp-content\/uploads\/2025\/05\/LUS-LOGO-1253x600-3.png","contentUrl":"https:\/\/levelupspindles.de\/wp-content\/uploads\/2025\/05\/LUS-LOGO-1253x600-3.png","width":1253,"height":600,"caption":"levelupspindles"},"image":{"@id":"https:\/\/levelupspindles.de\/de_de\/#\/schema\/logo\/image\/"}}]}},"_links":{"self":[{"href":"https:\/\/levelupspindles.de\/de_de\/wp-json\/wp\/v2\/pages\/186","targetHints":{"allow":["GET"]}}],"collection":[{"href":"https:\/\/levelupspindles.de\/de_de\/wp-json\/wp\/v2\/pages"}],"about":[{"href":"https:\/\/levelupspindles.de\/de_de\/wp-json\/wp\/v2\/types\/page"}],"author":[{"embeddable":true,"href":"https:\/\/levelupspindles.de\/de_de\/wp-json\/wp\/v2\/users\/1"}],"replies":[{"embeddable":true,"href":"https:\/\/levelupspindles.de\/de_de\/wp-json\/wp\/v2\/comments?post=186"}],"version-history":[{"count":3,"href":"https:\/\/levelupspindles.de\/de_de\/wp-json\/wp\/v2\/pages\/186\/revisions"}],"predecessor-version":[{"id":588,"href":"https:\/\/levelupspindles.de\/de_de\/wp-json\/wp\/v2\/pages\/186\/revisions\/588"}],"wp:attachment":[{"href":"https:\/\/levelupspindles.de\/de_de\/wp-json\/wp\/v2\/media?parent=186"}],"curies":[{"name":"wp","href":"https:\/\/api.w.org\/{rel}","templated":true}]}}