{"id":188,"date":"2025-04-04T09:03:08","date_gmt":"2025-04-04T07:03:08","guid":{"rendered":"https:\/\/levelup4spindles.de\/?page_id=188"},"modified":"2025-05-06T21:42:31","modified_gmt":"2025-05-06T19:42:31","slug":"unsere-exklusivpartner","status":"publish","type":"page","link":"https:\/\/levelupspindles.de\/de_de\/unsere-exklusivpartner\/","title":{"rendered":"Unsere Exklusivpartner"},"content":{"rendered":"<h2>Hand in Hand mit unseren Exklusivpartnern<\/h2>\n<p>Als offizieller Exklusivpartner von PDS LLC f\u00fcr Europa bieten wir von unserem Standort in Deutschland aus ein umfassendes Spektrum an Produkten und Dienstleistungen. Wir bedienen unseren europaweiten Kundenstamm mit Neuspindeln, herstellerunabh\u00e4ngigen Spindelreparaturen, einem breiten Zubeh\u00f6r- und Ersatzteilangebot sowie weiteren spezialisierten Services.<\/p>\n<p>F\u00fcr individuelle Neuprojekte und ma\u00dfgeschneiderte Motorspindelkonstruktionen kooperieren wir mit weltweit f\u00fchrenden Herstellern. Mit unseren renommierten OEM-Exklusivpartner PDS LLC (USA), ELTE srl (Italien) und SPV Spintec AB (Schweden) garantieren wir verl\u00e4ssliche L\u00f6sungen und innovative Konzepte.<\/p>\n<p>&nbsp;<\/p>\n<p><strong>Wir sind der Vertragspartner der PDS LLC mit Alleinvertriebsrecht f\u00fcr ganz Europa.<\/strong><\/p>\n<p>PDS LLC<br \/>\n<a href=\"https:\/\/spindlerepair.com\/\">https:\/\/spindlerepair.com\/<\/a><br \/>\n<iframe loading=\"lazy\" title=\"YouTube video player\" src=\"https:\/\/www.youtube-nocookie.com\/embed\/V3zXjUbmvs4?si=VtRaw5fuVLI5vk31&amp;rel=0&amp;loop=1\" width=\"560\" height=\"315\" frameborder=\"0\" allowfullscreen=\"allowfullscreen\"><\/iframe><\/p>\n<p>&nbsp;<\/p>\n<p><strong>Wir sind der Vertragspartner der ELTE srl mit Alleinvertriebsrecht f\u00fcr Deutschland und die T\u00fcrkei.<\/strong><\/p>\n<p>ELTE srl<br \/>\n<a href=\"https:\/\/www.elte.eu\/\">https:\/\/www.elte.eu\/<\/a><br \/>\n<iframe loading=\"lazy\" title=\"YouTube video player\" src=\"https:\/\/www.youtube-nocookie.com\/embed\/J5jklYCK2VQ?si=0RNVGTMXIPHccWFo&amp;rel=0&amp;loop=1&amp;playlist=J5jklYCK2VQ\" width=\"560\" height=\"315\" frameborder=\"0\" allowfullscreen=\"allowfullscreen\"><\/iframe><\/p>\n<p>&nbsp;<\/p>\n<p><strong>Wir sind der Vertragspartner der SPV Spintec AB f\u00fcr Deutschland.<\/strong><\/p>\n<p>SPV Spintec AB<br \/>\n<a href=\"https:\/\/spvspintec.se\/\">https:\/\/spvspintec.se\/<\/a><\/p>\n","protected":false},"excerpt":{"rendered":"<p>Hand in Hand mit unseren Exklusivpartnern Als offizieller Exklusivpartner von PDS LLC f\u00fcr Europa bieten wir von unserem Standort in Deutschland aus ein umfassendes Spektrum an Produkten und Dienstleistungen. Wir bedienen unseren europaweiten Kundenstamm mit Neuspindeln, herstellerunabh\u00e4ngigen Spindelreparaturen, einem breiten Zubeh\u00f6r- und Ersatzteilangebot sowie weiteren spezialisierten Services. F\u00fcr individuelle Neuprojekte und ma\u00dfgeschneiderte Motorspindelkonstruktionen kooperieren wir [&hellip;]<\/p>\n","protected":false},"author":1,"featured_media":0,"parent":0,"menu_order":0,"comment_status":"closed","ping_status":"closed","template":"","meta":{"footnotes":""},"class_list":["post-188","page","type-page","status-publish","hentry"],"yoast_head":"<!-- This site is optimized with the Yoast SEO plugin v25.0 - https:\/\/yoast.com\/wordpress\/plugins\/seo\/ -->\n<title>Unsere Exklusivpartner - levelupspindles<\/title>\n<meta name=\"robots\" content=\"index, follow, max-snippet:-1, max-image-preview:large, max-video-preview:-1\" \/>\n<link rel=\"canonical\" href=\"https:\/\/levelupspindles.de\/de_de\/unsere-exklusivpartner\/\" \/>\n<meta property=\"og:locale\" content=\"de_DE\" \/>\n<meta property=\"og:type\" content=\"article\" \/>\n<meta property=\"og:title\" content=\"Unsere Exklusivpartner - levelupspindles\" \/>\n<meta property=\"og:description\" content=\"Hand in Hand mit unseren Exklusivpartnern Als offizieller Exklusivpartner von PDS LLC f\u00fcr Europa bieten wir von unserem Standort in Deutschland aus ein umfassendes Spektrum an Produkten und Dienstleistungen. Wir bedienen unseren europaweiten Kundenstamm mit Neuspindeln, herstellerunabh\u00e4ngigen Spindelreparaturen, einem breiten Zubeh\u00f6r- und Ersatzteilangebot sowie weiteren spezialisierten Services. F\u00fcr individuelle Neuprojekte und ma\u00dfgeschneiderte Motorspindelkonstruktionen kooperieren wir [&hellip;]\" \/>\n<meta property=\"og:url\" content=\"https:\/\/levelupspindles.de\/de_de\/unsere-exklusivpartner\/\" \/>\n<meta property=\"og:site_name\" content=\"levelupspindles\" \/>\n<meta property=\"article:modified_time\" content=\"2025-05-06T19:42:31+00:00\" \/>\n<meta name=\"twitter:card\" content=\"summary_large_image\" \/>\n<meta name=\"twitter:label1\" content=\"Gesch\u00e4tzte Lesezeit\" \/>\n\t<meta name=\"twitter:data1\" content=\"1\u00a0Minute\" \/>\n<script type=\"application\/ld+json\" class=\"yoast-schema-graph\">{\"@context\":\"https:\/\/schema.org\",\"@graph\":[{\"@type\":\"WebPage\",\"@id\":\"https:\/\/levelupspindles.de\/unsere-exklusivpartner\/\",\"url\":\"https:\/\/levelupspindles.de\/unsere-exklusivpartner\/\",\"name\":\"Unsere Exklusivpartner - levelupspindles\",\"isPartOf\":{\"@id\":\"https:\/\/levelupspindles.de\/de_de\/#website\"},\"datePublished\":\"2025-04-04T07:03:08+00:00\",\"dateModified\":\"2025-05-06T19:42:31+00:00\",\"breadcrumb\":{\"@id\":\"https:\/\/levelupspindles.de\/unsere-exklusivpartner\/#breadcrumb\"},\"inLanguage\":\"de\",\"potentialAction\":[{\"@type\":\"ReadAction\",\"target\":[\"https:\/\/levelupspindles.de\/unsere-exklusivpartner\/\"]}]},{\"@type\":\"BreadcrumbList\",\"@id\":\"https:\/\/levelupspindles.de\/unsere-exklusivpartner\/#breadcrumb\",\"itemListElement\":[{\"@type\":\"ListItem\",\"position\":1,\"name\":\"Startseite\",\"item\":\"https:\/\/levelupspindles.de\/de_de\/\"},{\"@type\":\"ListItem\",\"position\":2,\"name\":\"Unsere Exklusivpartner\"}]},{\"@type\":\"WebSite\",\"@id\":\"https:\/\/levelupspindles.de\/de_de\/#website\",\"url\":\"https:\/\/levelupspindles.de\/de_de\/\",\"name\":\"levelupspindles\",\"description\":\"\",\"publisher\":{\"@id\":\"https:\/\/levelupspindles.de\/de_de\/#organization\"},\"potentialAction\":[{\"@type\":\"SearchAction\",\"target\":{\"@type\":\"EntryPoint\",\"urlTemplate\":\"https:\/\/levelupspindles.de\/de_de\/?s={search_term_string}\"},\"query-input\":{\"@type\":\"PropertyValueSpecification\",\"valueRequired\":true,\"valueName\":\"search_term_string\"}}],\"inLanguage\":\"de\"},{\"@type\":\"Organization\",\"@id\":\"https:\/\/levelupspindles.de\/de_de\/#organization\",\"name\":\"levelupspindles\",\"url\":\"https:\/\/levelupspindles.de\/de_de\/\",\"logo\":{\"@type\":\"ImageObject\",\"inLanguage\":\"de\",\"@id\":\"https:\/\/levelupspindles.de\/de_de\/#\/schema\/logo\/image\/\",\"url\":\"https:\/\/levelupspindles.de\/wp-content\/uploads\/2025\/05\/LUS-LOGO-1253x600-3.png\",\"contentUrl\":\"https:\/\/levelupspindles.de\/wp-content\/uploads\/2025\/05\/LUS-LOGO-1253x600-3.png\",\"width\":1253,\"height\":600,\"caption\":\"levelupspindles\"},\"image\":{\"@id\":\"https:\/\/levelupspindles.de\/de_de\/#\/schema\/logo\/image\/\"}}]}<\/script>\n<!-- \/ Yoast SEO plugin. -->","yoast_head_json":{"title":"Unsere Exklusivpartner - levelupspindles","robots":{"index":"index","follow":"follow","max-snippet":"max-snippet:-1","max-image-preview":"max-image-preview:large","max-video-preview":"max-video-preview:-1"},"canonical":"https:\/\/levelupspindles.de\/de_de\/unsere-exklusivpartner\/","og_locale":"de_DE","og_type":"article","og_title":"Unsere Exklusivpartner - levelupspindles","og_description":"Hand in Hand mit unseren Exklusivpartnern Als offizieller Exklusivpartner von PDS LLC f\u00fcr Europa bieten wir von unserem Standort in Deutschland aus ein umfassendes Spektrum an Produkten und Dienstleistungen. Wir bedienen unseren europaweiten Kundenstamm mit Neuspindeln, herstellerunabh\u00e4ngigen Spindelreparaturen, einem breiten Zubeh\u00f6r- und Ersatzteilangebot sowie weiteren spezialisierten Services. F\u00fcr individuelle Neuprojekte und ma\u00dfgeschneiderte Motorspindelkonstruktionen kooperieren wir [&hellip;]","og_url":"https:\/\/levelupspindles.de\/de_de\/unsere-exklusivpartner\/","og_site_name":"levelupspindles","article_modified_time":"2025-05-06T19:42:31+00:00","twitter_card":"summary_large_image","twitter_misc":{"Gesch\u00e4tzte Lesezeit":"1\u00a0Minute"},"schema":{"@context":"https:\/\/schema.org","@graph":[{"@type":"WebPage","@id":"https:\/\/levelupspindles.de\/unsere-exklusivpartner\/","url":"https:\/\/levelupspindles.de\/unsere-exklusivpartner\/","name":"Unsere Exklusivpartner - levelupspindles","isPartOf":{"@id":"https:\/\/levelupspindles.de\/de_de\/#website"},"datePublished":"2025-04-04T07:03:08+00:00","dateModified":"2025-05-06T19:42:31+00:00","breadcrumb":{"@id":"https:\/\/levelupspindles.de\/unsere-exklusivpartner\/#breadcrumb"},"inLanguage":"de","potentialAction":[{"@type":"ReadAction","target":["https:\/\/levelupspindles.de\/unsere-exklusivpartner\/"]}]},{"@type":"BreadcrumbList","@id":"https:\/\/levelupspindles.de\/unsere-exklusivpartner\/#breadcrumb","itemListElement":[{"@type":"ListItem","position":1,"name":"Startseite","item":"https:\/\/levelupspindles.de\/de_de\/"},{"@type":"ListItem","position":2,"name":"Unsere Exklusivpartner"}]},{"@type":"WebSite","@id":"https:\/\/levelupspindles.de\/de_de\/#website","url":"https:\/\/levelupspindles.de\/de_de\/","name":"levelupspindles","description":"","publisher":{"@id":"https:\/\/levelupspindles.de\/de_de\/#organization"},"potentialAction":[{"@type":"SearchAction","target":{"@type":"EntryPoint","urlTemplate":"https:\/\/levelupspindles.de\/de_de\/?s={search_term_string}"},"query-input":{"@type":"PropertyValueSpecification","valueRequired":true,"valueName":"search_term_string"}}],"inLanguage":"de"},{"@type":"Organization","@id":"https:\/\/levelupspindles.de\/de_de\/#organization","name":"levelupspindles","url":"https:\/\/levelupspindles.de\/de_de\/","logo":{"@type":"ImageObject","inLanguage":"de","@id":"https:\/\/levelupspindles.de\/de_de\/#\/schema\/logo\/image\/","url":"https:\/\/levelupspindles.de\/wp-content\/uploads\/2025\/05\/LUS-LOGO-1253x600-3.png","contentUrl":"https:\/\/levelupspindles.de\/wp-content\/uploads\/2025\/05\/LUS-LOGO-1253x600-3.png","width":1253,"height":600,"caption":"levelupspindles"},"image":{"@id":"https:\/\/levelupspindles.de\/de_de\/#\/schema\/logo\/image\/"}}]}},"_links":{"self":[{"href":"https:\/\/levelupspindles.de\/de_de\/wp-json\/wp\/v2\/pages\/188","targetHints":{"allow":["GET"]}}],"collection":[{"href":"https:\/\/levelupspindles.de\/de_de\/wp-json\/wp\/v2\/pages"}],"about":[{"href":"https:\/\/levelupspindles.de\/de_de\/wp-json\/wp\/v2\/types\/page"}],"author":[{"embeddable":true,"href":"https:\/\/levelupspindles.de\/de_de\/wp-json\/wp\/v2\/users\/1"}],"replies":[{"embeddable":true,"href":"https:\/\/levelupspindles.de\/de_de\/wp-json\/wp\/v2\/comments?post=188"}],"version-history":[{"count":15,"href":"https:\/\/levelupspindles.de\/de_de\/wp-json\/wp\/v2\/pages\/188\/revisions"}],"predecessor-version":[{"id":724,"href":"https:\/\/levelupspindles.de\/de_de\/wp-json\/wp\/v2\/pages\/188\/revisions\/724"}],"wp:attachment":[{"href":"https:\/\/levelupspindles.de\/de_de\/wp-json\/wp\/v2\/media?parent=188"}],"curies":[{"name":"wp","href":"https:\/\/api.w.org\/{rel}","templated":true}]}}