{"id":190,"date":"2025-04-04T09:03:24","date_gmt":"2025-04-04T07:03:24","guid":{"rendered":"https:\/\/levelup4spindles.de\/?page_id=190"},"modified":"2025-04-06T21:10:41","modified_gmt":"2025-04-06T19:10:41","slug":"reparaturservice-i","status":"publish","type":"page","link":"https:\/\/levelupspindles.de\/de_de\/reparaturservice-i\/","title":{"rendered":"Reparaturservice I"},"content":{"rendered":"<h2>Hochwertige Spindel-, Aggregat- &amp; Bohrgetriebereparaturen \u2013 Minimieren Sie Ausfallzeiten<\/h2>\n<p><strong>Pr\u00e4zisionsreparaturen in spezialisierten Werkst\u00e4tten \u2013 F\u00fcr Ihre Motorspindeln, Aggregate und Bohrgetriebe.<\/strong> Als unabh\u00e4ngiger Partner aller Motoren- und Spindelhersteller bieten wir Ihnen ma\u00dfgeschneiderte Reparaturdienstleistungen.<\/p>\n<p><strong>Maximieren Sie Ihre Maschinenlaufzeit:<\/strong> Profitieren Sie von unserer partnerschaftlichen Zusammenarbeit mit sorgf\u00e4ltig ausgew\u00e4hlten, qualifizierten Dienstleistern \u2013 wir garantieren hochwertige Reparaturen zu fairen Preisen. Wir koordinieren Ihre individuellen Anforderungen mit der Expertise professioneller Werkst\u00e4tten und bleiben dabei Ihr einziger Ansprechpartner.<\/p>\n<p><strong>Europ\u00e4ische Spitzenqualit\u00e4t:<\/strong> Alle Reparaturen werden in hochspezialisierten Werkst\u00e4tten innerhalb der EU durchgef\u00fchrt, mit einem besonderen Fokus auf Deutschland \u2013 einem weltweit f\u00fchrenden Standort f\u00fcr Pr\u00e4zisionsreparaturen.<\/p>\n","protected":false},"excerpt":{"rendered":"<p>Hochwertige Spindel-, Aggregat- &amp; Bohrgetriebereparaturen \u2013 Minimieren Sie Ausfallzeiten Pr\u00e4zisionsreparaturen in spezialisierten Werkst\u00e4tten \u2013 F\u00fcr Ihre Motorspindeln, Aggregate und Bohrgetriebe. Als unabh\u00e4ngiger Partner aller Motoren- und Spindelhersteller bieten wir Ihnen ma\u00dfgeschneiderte Reparaturdienstleistungen. Maximieren Sie Ihre Maschinenlaufzeit: Profitieren Sie von unserer partnerschaftlichen Zusammenarbeit mit sorgf\u00e4ltig ausgew\u00e4hlten, qualifizierten Dienstleistern \u2013 wir garantieren hochwertige Reparaturen zu fairen Preisen. [&hellip;]<\/p>\n","protected":false},"author":1,"featured_media":0,"parent":0,"menu_order":0,"comment_status":"closed","ping_status":"closed","template":"","meta":{"footnotes":""},"class_list":["post-190","page","type-page","status-publish","hentry"],"yoast_head":"<!-- This site is optimized with the Yoast SEO plugin v25.0 - https:\/\/yoast.com\/wordpress\/plugins\/seo\/ -->\n<title>Reparaturservice I - levelupspindles<\/title>\n<meta name=\"robots\" content=\"index, follow, max-snippet:-1, max-image-preview:large, max-video-preview:-1\" \/>\n<link rel=\"canonical\" href=\"https:\/\/levelupspindles.de\/de_de\/reparaturservice-i\/\" \/>\n<meta property=\"og:locale\" content=\"de_DE\" \/>\n<meta property=\"og:type\" content=\"article\" \/>\n<meta property=\"og:title\" content=\"Reparaturservice I - levelupspindles\" \/>\n<meta property=\"og:description\" content=\"Hochwertige Spindel-, Aggregat- &amp; Bohrgetriebereparaturen \u2013 Minimieren Sie Ausfallzeiten Pr\u00e4zisionsreparaturen in spezialisierten Werkst\u00e4tten \u2013 F\u00fcr Ihre Motorspindeln, Aggregate und Bohrgetriebe. Als unabh\u00e4ngiger Partner aller Motoren- und Spindelhersteller bieten wir Ihnen ma\u00dfgeschneiderte Reparaturdienstleistungen. Maximieren Sie Ihre Maschinenlaufzeit: Profitieren Sie von unserer partnerschaftlichen Zusammenarbeit mit sorgf\u00e4ltig ausgew\u00e4hlten, qualifizierten Dienstleistern \u2013 wir garantieren hochwertige Reparaturen zu fairen Preisen. [&hellip;]\" \/>\n<meta property=\"og:url\" content=\"https:\/\/levelupspindles.de\/de_de\/reparaturservice-i\/\" \/>\n<meta property=\"og:site_name\" content=\"levelupspindles\" \/>\n<meta property=\"article:modified_time\" content=\"2025-04-06T19:10:41+00:00\" \/>\n<meta name=\"twitter:card\" content=\"summary_large_image\" \/>\n<meta name=\"twitter:label1\" content=\"Gesch\u00e4tzte Lesezeit\" \/>\n\t<meta name=\"twitter:data1\" content=\"1\u00a0Minute\" \/>\n<script type=\"application\/ld+json\" class=\"yoast-schema-graph\">{\"@context\":\"https:\/\/schema.org\",\"@graph\":[{\"@type\":\"WebPage\",\"@id\":\"https:\/\/levelupspindles.de\/reparaturservice-i\/\",\"url\":\"https:\/\/levelupspindles.de\/reparaturservice-i\/\",\"name\":\"Reparaturservice I - levelupspindles\",\"isPartOf\":{\"@id\":\"https:\/\/levelupspindles.de\/de_de\/#website\"},\"datePublished\":\"2025-04-04T07:03:24+00:00\",\"dateModified\":\"2025-04-06T19:10:41+00:00\",\"breadcrumb\":{\"@id\":\"https:\/\/levelupspindles.de\/reparaturservice-i\/#breadcrumb\"},\"inLanguage\":\"de\",\"potentialAction\":[{\"@type\":\"ReadAction\",\"target\":[\"https:\/\/levelupspindles.de\/reparaturservice-i\/\"]}]},{\"@type\":\"BreadcrumbList\",\"@id\":\"https:\/\/levelupspindles.de\/reparaturservice-i\/#breadcrumb\",\"itemListElement\":[{\"@type\":\"ListItem\",\"position\":1,\"name\":\"Startseite\",\"item\":\"https:\/\/levelupspindles.de\/de_de\/\"},{\"@type\":\"ListItem\",\"position\":2,\"name\":\"Reparaturservice I\"}]},{\"@type\":\"WebSite\",\"@id\":\"https:\/\/levelupspindles.de\/de_de\/#website\",\"url\":\"https:\/\/levelupspindles.de\/de_de\/\",\"name\":\"levelupspindles\",\"description\":\"\",\"publisher\":{\"@id\":\"https:\/\/levelupspindles.de\/de_de\/#organization\"},\"potentialAction\":[{\"@type\":\"SearchAction\",\"target\":{\"@type\":\"EntryPoint\",\"urlTemplate\":\"https:\/\/levelupspindles.de\/de_de\/?s={search_term_string}\"},\"query-input\":{\"@type\":\"PropertyValueSpecification\",\"valueRequired\":true,\"valueName\":\"search_term_string\"}}],\"inLanguage\":\"de\"},{\"@type\":\"Organization\",\"@id\":\"https:\/\/levelupspindles.de\/de_de\/#organization\",\"name\":\"levelupspindles\",\"url\":\"https:\/\/levelupspindles.de\/de_de\/\",\"logo\":{\"@type\":\"ImageObject\",\"inLanguage\":\"de\",\"@id\":\"https:\/\/levelupspindles.de\/de_de\/#\/schema\/logo\/image\/\",\"url\":\"https:\/\/levelupspindles.de\/wp-content\/uploads\/2025\/05\/LUS-LOGO-1253x600-3.png\",\"contentUrl\":\"https:\/\/levelupspindles.de\/wp-content\/uploads\/2025\/05\/LUS-LOGO-1253x600-3.png\",\"width\":1253,\"height\":600,\"caption\":\"levelupspindles\"},\"image\":{\"@id\":\"https:\/\/levelupspindles.de\/de_de\/#\/schema\/logo\/image\/\"}}]}<\/script>\n<!-- \/ Yoast SEO plugin. -->","yoast_head_json":{"title":"Reparaturservice I - levelupspindles","robots":{"index":"index","follow":"follow","max-snippet":"max-snippet:-1","max-image-preview":"max-image-preview:large","max-video-preview":"max-video-preview:-1"},"canonical":"https:\/\/levelupspindles.de\/de_de\/reparaturservice-i\/","og_locale":"de_DE","og_type":"article","og_title":"Reparaturservice I - levelupspindles","og_description":"Hochwertige Spindel-, Aggregat- &amp; Bohrgetriebereparaturen \u2013 Minimieren Sie Ausfallzeiten Pr\u00e4zisionsreparaturen in spezialisierten Werkst\u00e4tten \u2013 F\u00fcr Ihre Motorspindeln, Aggregate und Bohrgetriebe. Als unabh\u00e4ngiger Partner aller Motoren- und Spindelhersteller bieten wir Ihnen ma\u00dfgeschneiderte Reparaturdienstleistungen. Maximieren Sie Ihre Maschinenlaufzeit: Profitieren Sie von unserer partnerschaftlichen Zusammenarbeit mit sorgf\u00e4ltig ausgew\u00e4hlten, qualifizierten Dienstleistern \u2013 wir garantieren hochwertige Reparaturen zu fairen Preisen. [&hellip;]","og_url":"https:\/\/levelupspindles.de\/de_de\/reparaturservice-i\/","og_site_name":"levelupspindles","article_modified_time":"2025-04-06T19:10:41+00:00","twitter_card":"summary_large_image","twitter_misc":{"Gesch\u00e4tzte Lesezeit":"1\u00a0Minute"},"schema":{"@context":"https:\/\/schema.org","@graph":[{"@type":"WebPage","@id":"https:\/\/levelupspindles.de\/reparaturservice-i\/","url":"https:\/\/levelupspindles.de\/reparaturservice-i\/","name":"Reparaturservice I - levelupspindles","isPartOf":{"@id":"https:\/\/levelupspindles.de\/de_de\/#website"},"datePublished":"2025-04-04T07:03:24+00:00","dateModified":"2025-04-06T19:10:41+00:00","breadcrumb":{"@id":"https:\/\/levelupspindles.de\/reparaturservice-i\/#breadcrumb"},"inLanguage":"de","potentialAction":[{"@type":"ReadAction","target":["https:\/\/levelupspindles.de\/reparaturservice-i\/"]}]},{"@type":"BreadcrumbList","@id":"https:\/\/levelupspindles.de\/reparaturservice-i\/#breadcrumb","itemListElement":[{"@type":"ListItem","position":1,"name":"Startseite","item":"https:\/\/levelupspindles.de\/de_de\/"},{"@type":"ListItem","position":2,"name":"Reparaturservice I"}]},{"@type":"WebSite","@id":"https:\/\/levelupspindles.de\/de_de\/#website","url":"https:\/\/levelupspindles.de\/de_de\/","name":"levelupspindles","description":"","publisher":{"@id":"https:\/\/levelupspindles.de\/de_de\/#organization"},"potentialAction":[{"@type":"SearchAction","target":{"@type":"EntryPoint","urlTemplate":"https:\/\/levelupspindles.de\/de_de\/?s={search_term_string}"},"query-input":{"@type":"PropertyValueSpecification","valueRequired":true,"valueName":"search_term_string"}}],"inLanguage":"de"},{"@type":"Organization","@id":"https:\/\/levelupspindles.de\/de_de\/#organization","name":"levelupspindles","url":"https:\/\/levelupspindles.de\/de_de\/","logo":{"@type":"ImageObject","inLanguage":"de","@id":"https:\/\/levelupspindles.de\/de_de\/#\/schema\/logo\/image\/","url":"https:\/\/levelupspindles.de\/wp-content\/uploads\/2025\/05\/LUS-LOGO-1253x600-3.png","contentUrl":"https:\/\/levelupspindles.de\/wp-content\/uploads\/2025\/05\/LUS-LOGO-1253x600-3.png","width":1253,"height":600,"caption":"levelupspindles"},"image":{"@id":"https:\/\/levelupspindles.de\/de_de\/#\/schema\/logo\/image\/"}}]}},"_links":{"self":[{"href":"https:\/\/levelupspindles.de\/de_de\/wp-json\/wp\/v2\/pages\/190","targetHints":{"allow":["GET"]}}],"collection":[{"href":"https:\/\/levelupspindles.de\/de_de\/wp-json\/wp\/v2\/pages"}],"about":[{"href":"https:\/\/levelupspindles.de\/de_de\/wp-json\/wp\/v2\/types\/page"}],"author":[{"embeddable":true,"href":"https:\/\/levelupspindles.de\/de_de\/wp-json\/wp\/v2\/users\/1"}],"replies":[{"embeddable":true,"href":"https:\/\/levelupspindles.de\/de_de\/wp-json\/wp\/v2\/comments?post=190"}],"version-history":[{"count":2,"href":"https:\/\/levelupspindles.de\/de_de\/wp-json\/wp\/v2\/pages\/190\/revisions"}],"predecessor-version":[{"id":217,"href":"https:\/\/levelupspindles.de\/de_de\/wp-json\/wp\/v2\/pages\/190\/revisions\/217"}],"wp:attachment":[{"href":"https:\/\/levelupspindles.de\/de_de\/wp-json\/wp\/v2\/media?parent=190"}],"curies":[{"name":"wp","href":"https:\/\/api.w.org\/{rel}","templated":true}]}}