{"id":194,"date":"2025-04-04T09:03:49","date_gmt":"2025-04-04T07:03:49","guid":{"rendered":"https:\/\/levelup4spindles.de\/?page_id=194"},"modified":"2025-04-06T21:11:56","modified_gmt":"2025-04-06T19:11:56","slug":"neuspindel-neumotoren","status":"publish","type":"page","link":"https:\/\/levelupspindles.de\/de_de\/neuspindel-neumotoren\/","title":{"rendered":"Neuspindel &#038; Neumotoren"},"content":{"rendered":"<h2>Neuspindel &amp; Neumotoren: Ma\u00dfgeschneiderte L\u00f6sungen mit starken Partnern<\/h2>\n<p>Die Anforderungen an <strong>Motorspindeln und Motoren<\/strong> in der modernen Fertigung sind vielf\u00e4ltig und anspruchsvoll. Um diesen Anforderungen gerecht zu werden, bieten wir Ihnen <strong>umfassende L\u00f6sungen<\/strong>.<\/p>\n<p>Wir stehen Ihnen f\u00fcr <strong>alle Anliegen<\/strong> zur Verf\u00fcgung, sei es ein <strong>1:1-Austausch<\/strong>, die Ausarbeitung einer <strong>Alternativspindel<\/strong> oder die <strong>komplexe Konstruktion und bedarfsorientierte Auslegung<\/strong> einer komplett neuen L\u00f6sung.<\/p>\n<p><strong>Unsere St\u00e4rke: Exklusive Partnerschaften f\u00fcr Ihre Bed\u00fcrfnisse<\/strong><\/p>\n<p>Zusammen mit unseren renommierten Exklusivpartnern <strong>PDS LLC (USA), ELTE srl (Italien) und SPV Spintec AB (Schweden)<\/strong> erarbeiten wir f\u00fcr Ihren Anwendungsfall die <strong>passgenaue L\u00f6sung<\/strong>.<\/p>\n<p>Bei Bedarf haben wir auch Zugriff auf alle anderen <strong>OEM Hersteller<\/strong>, um Ihnen in allen erdenklichen F\u00e4llen die <strong>optimale L\u00f6sung<\/strong> zu gew\u00e4hrleisten.<\/p>\n<p><strong>Gemeinsam zum Erfolg<\/strong><\/p>\n<p>In enger Zusammenarbeit mit Ihnen entwickeln wir die <strong>optimale L\u00f6sung<\/strong> f\u00fcr Ihre Anforderungen. Wir analysieren Ihr Anforderungsprofil <strong>detailliert<\/strong>, um ein Ergebnis zu gew\u00e4hrleisten, das Ihre Bed\u00fcrfnisse <strong>in allen Punkten bestm\u00f6glich<\/strong> erf\u00fcllt.<\/p>\n<p>Wir sind Ihr Partner f\u00fcr <strong>alle Anliegen rund um neue Motorspindeln und Neumotoren<\/strong>.<\/p>\n<p>&nbsp;<\/p>\n","protected":false},"excerpt":{"rendered":"<p>Neuspindel &amp; Neumotoren: Ma\u00dfgeschneiderte L\u00f6sungen mit starken Partnern Die Anforderungen an Motorspindeln und Motoren in der modernen Fertigung sind vielf\u00e4ltig und anspruchsvoll. Um diesen Anforderungen gerecht zu werden, bieten wir Ihnen umfassende L\u00f6sungen. Wir stehen Ihnen f\u00fcr alle Anliegen zur Verf\u00fcgung, sei es ein 1:1-Austausch, die Ausarbeitung einer Alternativspindel oder die komplexe Konstruktion und bedarfsorientierte [&hellip;]<\/p>\n","protected":false},"author":1,"featured_media":0,"parent":0,"menu_order":0,"comment_status":"closed","ping_status":"closed","template":"","meta":{"footnotes":""},"class_list":["post-194","page","type-page","status-publish","hentry"],"yoast_head":"<!-- This site is optimized with the Yoast SEO plugin v25.0 - https:\/\/yoast.com\/wordpress\/plugins\/seo\/ -->\n<title>Neuspindel &amp; Neumotoren - levelupspindles<\/title>\n<meta name=\"robots\" content=\"index, follow, max-snippet:-1, max-image-preview:large, max-video-preview:-1\" \/>\n<link rel=\"canonical\" href=\"https:\/\/levelupspindles.de\/de_de\/neuspindel-neumotoren\/\" \/>\n<meta property=\"og:locale\" content=\"de_DE\" \/>\n<meta property=\"og:type\" content=\"article\" \/>\n<meta property=\"og:title\" content=\"Neuspindel &amp; Neumotoren - levelupspindles\" \/>\n<meta property=\"og:description\" content=\"Neuspindel &amp; Neumotoren: Ma\u00dfgeschneiderte L\u00f6sungen mit starken Partnern Die Anforderungen an Motorspindeln und Motoren in der modernen Fertigung sind vielf\u00e4ltig und anspruchsvoll. Um diesen Anforderungen gerecht zu werden, bieten wir Ihnen umfassende L\u00f6sungen. Wir stehen Ihnen f\u00fcr alle Anliegen zur Verf\u00fcgung, sei es ein 1:1-Austausch, die Ausarbeitung einer Alternativspindel oder die komplexe Konstruktion und bedarfsorientierte [&hellip;]\" \/>\n<meta property=\"og:url\" content=\"https:\/\/levelupspindles.de\/de_de\/neuspindel-neumotoren\/\" \/>\n<meta property=\"og:site_name\" content=\"levelupspindles\" \/>\n<meta property=\"article:modified_time\" content=\"2025-04-06T19:11:56+00:00\" \/>\n<meta name=\"twitter:card\" content=\"summary_large_image\" \/>\n<meta name=\"twitter:label1\" content=\"Gesch\u00e4tzte Lesezeit\" \/>\n\t<meta name=\"twitter:data1\" content=\"1\u00a0Minute\" \/>\n<script type=\"application\/ld+json\" class=\"yoast-schema-graph\">{\"@context\":\"https:\/\/schema.org\",\"@graph\":[{\"@type\":\"WebPage\",\"@id\":\"https:\/\/levelupspindles.de\/neuspindel-neumotoren\/\",\"url\":\"https:\/\/levelupspindles.de\/neuspindel-neumotoren\/\",\"name\":\"Neuspindel & Neumotoren - levelupspindles\",\"isPartOf\":{\"@id\":\"https:\/\/levelupspindles.de\/de_de\/#website\"},\"datePublished\":\"2025-04-04T07:03:49+00:00\",\"dateModified\":\"2025-04-06T19:11:56+00:00\",\"breadcrumb\":{\"@id\":\"https:\/\/levelupspindles.de\/neuspindel-neumotoren\/#breadcrumb\"},\"inLanguage\":\"de\",\"potentialAction\":[{\"@type\":\"ReadAction\",\"target\":[\"https:\/\/levelupspindles.de\/neuspindel-neumotoren\/\"]}]},{\"@type\":\"BreadcrumbList\",\"@id\":\"https:\/\/levelupspindles.de\/neuspindel-neumotoren\/#breadcrumb\",\"itemListElement\":[{\"@type\":\"ListItem\",\"position\":1,\"name\":\"Startseite\",\"item\":\"https:\/\/levelupspindles.de\/de_de\/\"},{\"@type\":\"ListItem\",\"position\":2,\"name\":\"Neuspindel &#038; Neumotoren\"}]},{\"@type\":\"WebSite\",\"@id\":\"https:\/\/levelupspindles.de\/de_de\/#website\",\"url\":\"https:\/\/levelupspindles.de\/de_de\/\",\"name\":\"levelupspindles\",\"description\":\"\",\"publisher\":{\"@id\":\"https:\/\/levelupspindles.de\/de_de\/#organization\"},\"potentialAction\":[{\"@type\":\"SearchAction\",\"target\":{\"@type\":\"EntryPoint\",\"urlTemplate\":\"https:\/\/levelupspindles.de\/de_de\/?s={search_term_string}\"},\"query-input\":{\"@type\":\"PropertyValueSpecification\",\"valueRequired\":true,\"valueName\":\"search_term_string\"}}],\"inLanguage\":\"de\"},{\"@type\":\"Organization\",\"@id\":\"https:\/\/levelupspindles.de\/de_de\/#organization\",\"name\":\"levelupspindles\",\"url\":\"https:\/\/levelupspindles.de\/de_de\/\",\"logo\":{\"@type\":\"ImageObject\",\"inLanguage\":\"de\",\"@id\":\"https:\/\/levelupspindles.de\/de_de\/#\/schema\/logo\/image\/\",\"url\":\"https:\/\/levelupspindles.de\/wp-content\/uploads\/2025\/05\/LUS-LOGO-1253x600-3.png\",\"contentUrl\":\"https:\/\/levelupspindles.de\/wp-content\/uploads\/2025\/05\/LUS-LOGO-1253x600-3.png\",\"width\":1253,\"height\":600,\"caption\":\"levelupspindles\"},\"image\":{\"@id\":\"https:\/\/levelupspindles.de\/de_de\/#\/schema\/logo\/image\/\"}}]}<\/script>\n<!-- \/ Yoast SEO plugin. -->","yoast_head_json":{"title":"Neuspindel & Neumotoren - levelupspindles","robots":{"index":"index","follow":"follow","max-snippet":"max-snippet:-1","max-image-preview":"max-image-preview:large","max-video-preview":"max-video-preview:-1"},"canonical":"https:\/\/levelupspindles.de\/de_de\/neuspindel-neumotoren\/","og_locale":"de_DE","og_type":"article","og_title":"Neuspindel & Neumotoren - levelupspindles","og_description":"Neuspindel &amp; Neumotoren: Ma\u00dfgeschneiderte L\u00f6sungen mit starken Partnern Die Anforderungen an Motorspindeln und Motoren in der modernen Fertigung sind vielf\u00e4ltig und anspruchsvoll. Um diesen Anforderungen gerecht zu werden, bieten wir Ihnen umfassende L\u00f6sungen. Wir stehen Ihnen f\u00fcr alle Anliegen zur Verf\u00fcgung, sei es ein 1:1-Austausch, die Ausarbeitung einer Alternativspindel oder die komplexe Konstruktion und bedarfsorientierte [&hellip;]","og_url":"https:\/\/levelupspindles.de\/de_de\/neuspindel-neumotoren\/","og_site_name":"levelupspindles","article_modified_time":"2025-04-06T19:11:56+00:00","twitter_card":"summary_large_image","twitter_misc":{"Gesch\u00e4tzte Lesezeit":"1\u00a0Minute"},"schema":{"@context":"https:\/\/schema.org","@graph":[{"@type":"WebPage","@id":"https:\/\/levelupspindles.de\/neuspindel-neumotoren\/","url":"https:\/\/levelupspindles.de\/neuspindel-neumotoren\/","name":"Neuspindel & Neumotoren - levelupspindles","isPartOf":{"@id":"https:\/\/levelupspindles.de\/de_de\/#website"},"datePublished":"2025-04-04T07:03:49+00:00","dateModified":"2025-04-06T19:11:56+00:00","breadcrumb":{"@id":"https:\/\/levelupspindles.de\/neuspindel-neumotoren\/#breadcrumb"},"inLanguage":"de","potentialAction":[{"@type":"ReadAction","target":["https:\/\/levelupspindles.de\/neuspindel-neumotoren\/"]}]},{"@type":"BreadcrumbList","@id":"https:\/\/levelupspindles.de\/neuspindel-neumotoren\/#breadcrumb","itemListElement":[{"@type":"ListItem","position":1,"name":"Startseite","item":"https:\/\/levelupspindles.de\/de_de\/"},{"@type":"ListItem","position":2,"name":"Neuspindel &#038; Neumotoren"}]},{"@type":"WebSite","@id":"https:\/\/levelupspindles.de\/de_de\/#website","url":"https:\/\/levelupspindles.de\/de_de\/","name":"levelupspindles","description":"","publisher":{"@id":"https:\/\/levelupspindles.de\/de_de\/#organization"},"potentialAction":[{"@type":"SearchAction","target":{"@type":"EntryPoint","urlTemplate":"https:\/\/levelupspindles.de\/de_de\/?s={search_term_string}"},"query-input":{"@type":"PropertyValueSpecification","valueRequired":true,"valueName":"search_term_string"}}],"inLanguage":"de"},{"@type":"Organization","@id":"https:\/\/levelupspindles.de\/de_de\/#organization","name":"levelupspindles","url":"https:\/\/levelupspindles.de\/de_de\/","logo":{"@type":"ImageObject","inLanguage":"de","@id":"https:\/\/levelupspindles.de\/de_de\/#\/schema\/logo\/image\/","url":"https:\/\/levelupspindles.de\/wp-content\/uploads\/2025\/05\/LUS-LOGO-1253x600-3.png","contentUrl":"https:\/\/levelupspindles.de\/wp-content\/uploads\/2025\/05\/LUS-LOGO-1253x600-3.png","width":1253,"height":600,"caption":"levelupspindles"},"image":{"@id":"https:\/\/levelupspindles.de\/de_de\/#\/schema\/logo\/image\/"}}]}},"_links":{"self":[{"href":"https:\/\/levelupspindles.de\/de_de\/wp-json\/wp\/v2\/pages\/194","targetHints":{"allow":["GET"]}}],"collection":[{"href":"https:\/\/levelupspindles.de\/de_de\/wp-json\/wp\/v2\/pages"}],"about":[{"href":"https:\/\/levelupspindles.de\/de_de\/wp-json\/wp\/v2\/types\/page"}],"author":[{"embeddable":true,"href":"https:\/\/levelupspindles.de\/de_de\/wp-json\/wp\/v2\/users\/1"}],"replies":[{"embeddable":true,"href":"https:\/\/levelupspindles.de\/de_de\/wp-json\/wp\/v2\/comments?post=194"}],"version-history":[{"count":2,"href":"https:\/\/levelupspindles.de\/de_de\/wp-json\/wp\/v2\/pages\/194\/revisions"}],"predecessor-version":[{"id":219,"href":"https:\/\/levelupspindles.de\/de_de\/wp-json\/wp\/v2\/pages\/194\/revisions\/219"}],"wp:attachment":[{"href":"https:\/\/levelupspindles.de\/de_de\/wp-json\/wp\/v2\/media?parent=194"}],"curies":[{"name":"wp","href":"https:\/\/api.w.org\/{rel}","templated":true}]}}