{"id":198,"date":"2025-04-04T09:04:12","date_gmt":"2025-04-04T07:04:12","guid":{"rendered":"https:\/\/levelup4spindles.de\/?page_id=198"},"modified":"2025-04-06T21:14:50","modified_gmt":"2025-04-06T19:14:50","slug":"gebrauchtmotoren","status":"publish","type":"page","link":"https:\/\/levelupspindles.de\/de_de\/gebrauchtmotoren\/","title":{"rendered":"Gebrauchtmotoren"},"content":{"rendered":"<h2>Motor- oder Getriebeschaden? Ihre L\u00f6sung f\u00fcr den schnellen Neustart<\/h2>\n<p>Steht Ihre Produktion still aufgrund eines Motorschadens oder eines defekten Getriebes?<br \/>\nKostspielige Neuanschaffungen vom Hersteller mit langen Lieferzeiten sind keine Option? Und selbst die schnellste Reparatur dauert zu lange?<\/p>\n<p>Wir bieten eine effiziente und wirtschaftliche L\u00f6sung: gepr\u00fcfte und \u00fcberholte Gebrauchtmotoren und Getriebe. Mit Zugriff auf \u00fcber 15.000 g\u00e4ngige Einheiten von Herstellern wie SEW, VEM und Perske finden wir schnell den passenden Ersatz.<br \/>\nSenden Sie uns f\u00fcr eine schnelle Verf\u00fcgbarkeitspr\u00fcfung bitte das Typenschild und aussagekr\u00e4ftige Fotos Ihres Antriebssystems. So erhalten Sie eine rasche Diagnose und vermeiden teure Produktionsstillst\u00e4nde.<\/p>\n","protected":false},"excerpt":{"rendered":"<p>Motor- oder Getriebeschaden? Ihre L\u00f6sung f\u00fcr den schnellen Neustart Steht Ihre Produktion still aufgrund eines Motorschadens oder eines defekten Getriebes? Kostspielige Neuanschaffungen vom Hersteller mit langen Lieferzeiten sind keine Option? Und selbst die schnellste Reparatur dauert zu lange? Wir bieten eine effiziente und wirtschaftliche L\u00f6sung: gepr\u00fcfte und \u00fcberholte Gebrauchtmotoren und Getriebe. Mit Zugriff auf \u00fcber [&hellip;]<\/p>\n","protected":false},"author":1,"featured_media":0,"parent":0,"menu_order":0,"comment_status":"closed","ping_status":"closed","template":"","meta":{"footnotes":""},"class_list":["post-198","page","type-page","status-publish","hentry"],"yoast_head":"<!-- This site is optimized with the Yoast SEO plugin v25.0 - https:\/\/yoast.com\/wordpress\/plugins\/seo\/ -->\n<title>Gebrauchtmotoren - levelupspindles<\/title>\n<meta name=\"robots\" content=\"index, follow, max-snippet:-1, max-image-preview:large, max-video-preview:-1\" \/>\n<link rel=\"canonical\" href=\"https:\/\/levelupspindles.de\/de_de\/gebrauchtmotoren\/\" \/>\n<meta property=\"og:locale\" content=\"de_DE\" \/>\n<meta property=\"og:type\" content=\"article\" \/>\n<meta property=\"og:title\" content=\"Gebrauchtmotoren - levelupspindles\" \/>\n<meta property=\"og:description\" content=\"Motor- oder Getriebeschaden? Ihre L\u00f6sung f\u00fcr den schnellen Neustart Steht Ihre Produktion still aufgrund eines Motorschadens oder eines defekten Getriebes? Kostspielige Neuanschaffungen vom Hersteller mit langen Lieferzeiten sind keine Option? Und selbst die schnellste Reparatur dauert zu lange? Wir bieten eine effiziente und wirtschaftliche L\u00f6sung: gepr\u00fcfte und \u00fcberholte Gebrauchtmotoren und Getriebe. Mit Zugriff auf \u00fcber [&hellip;]\" \/>\n<meta property=\"og:url\" content=\"https:\/\/levelupspindles.de\/de_de\/gebrauchtmotoren\/\" \/>\n<meta property=\"og:site_name\" content=\"levelupspindles\" \/>\n<meta property=\"article:modified_time\" content=\"2025-04-06T19:14:50+00:00\" \/>\n<meta name=\"twitter:card\" content=\"summary_large_image\" \/>\n<meta name=\"twitter:label1\" content=\"Gesch\u00e4tzte Lesezeit\" \/>\n\t<meta name=\"twitter:data1\" content=\"1\u00a0Minute\" \/>\n<script type=\"application\/ld+json\" class=\"yoast-schema-graph\">{\"@context\":\"https:\/\/schema.org\",\"@graph\":[{\"@type\":\"WebPage\",\"@id\":\"https:\/\/levelupspindles.de\/gebrauchtmotoren\/\",\"url\":\"https:\/\/levelupspindles.de\/gebrauchtmotoren\/\",\"name\":\"Gebrauchtmotoren - levelupspindles\",\"isPartOf\":{\"@id\":\"https:\/\/levelupspindles.de\/de_de\/#website\"},\"datePublished\":\"2025-04-04T07:04:12+00:00\",\"dateModified\":\"2025-04-06T19:14:50+00:00\",\"breadcrumb\":{\"@id\":\"https:\/\/levelupspindles.de\/gebrauchtmotoren\/#breadcrumb\"},\"inLanguage\":\"de\",\"potentialAction\":[{\"@type\":\"ReadAction\",\"target\":[\"https:\/\/levelupspindles.de\/gebrauchtmotoren\/\"]}]},{\"@type\":\"BreadcrumbList\",\"@id\":\"https:\/\/levelupspindles.de\/gebrauchtmotoren\/#breadcrumb\",\"itemListElement\":[{\"@type\":\"ListItem\",\"position\":1,\"name\":\"Startseite\",\"item\":\"https:\/\/levelupspindles.de\/de_de\/\"},{\"@type\":\"ListItem\",\"position\":2,\"name\":\"Gebrauchtmotoren\"}]},{\"@type\":\"WebSite\",\"@id\":\"https:\/\/levelupspindles.de\/de_de\/#website\",\"url\":\"https:\/\/levelupspindles.de\/de_de\/\",\"name\":\"levelupspindles\",\"description\":\"\",\"publisher\":{\"@id\":\"https:\/\/levelupspindles.de\/de_de\/#organization\"},\"potentialAction\":[{\"@type\":\"SearchAction\",\"target\":{\"@type\":\"EntryPoint\",\"urlTemplate\":\"https:\/\/levelupspindles.de\/de_de\/?s={search_term_string}\"},\"query-input\":{\"@type\":\"PropertyValueSpecification\",\"valueRequired\":true,\"valueName\":\"search_term_string\"}}],\"inLanguage\":\"de\"},{\"@type\":\"Organization\",\"@id\":\"https:\/\/levelupspindles.de\/de_de\/#organization\",\"name\":\"levelupspindles\",\"url\":\"https:\/\/levelupspindles.de\/de_de\/\",\"logo\":{\"@type\":\"ImageObject\",\"inLanguage\":\"de\",\"@id\":\"https:\/\/levelupspindles.de\/de_de\/#\/schema\/logo\/image\/\",\"url\":\"https:\/\/levelupspindles.de\/wp-content\/uploads\/2025\/05\/LUS-LOGO-1253x600-3.png\",\"contentUrl\":\"https:\/\/levelupspindles.de\/wp-content\/uploads\/2025\/05\/LUS-LOGO-1253x600-3.png\",\"width\":1253,\"height\":600,\"caption\":\"levelupspindles\"},\"image\":{\"@id\":\"https:\/\/levelupspindles.de\/de_de\/#\/schema\/logo\/image\/\"}}]}<\/script>\n<!-- \/ Yoast SEO plugin. -->","yoast_head_json":{"title":"Gebrauchtmotoren - levelupspindles","robots":{"index":"index","follow":"follow","max-snippet":"max-snippet:-1","max-image-preview":"max-image-preview:large","max-video-preview":"max-video-preview:-1"},"canonical":"https:\/\/levelupspindles.de\/de_de\/gebrauchtmotoren\/","og_locale":"de_DE","og_type":"article","og_title":"Gebrauchtmotoren - levelupspindles","og_description":"Motor- oder Getriebeschaden? Ihre L\u00f6sung f\u00fcr den schnellen Neustart Steht Ihre Produktion still aufgrund eines Motorschadens oder eines defekten Getriebes? Kostspielige Neuanschaffungen vom Hersteller mit langen Lieferzeiten sind keine Option? Und selbst die schnellste Reparatur dauert zu lange? Wir bieten eine effiziente und wirtschaftliche L\u00f6sung: gepr\u00fcfte und \u00fcberholte Gebrauchtmotoren und Getriebe. Mit Zugriff auf \u00fcber [&hellip;]","og_url":"https:\/\/levelupspindles.de\/de_de\/gebrauchtmotoren\/","og_site_name":"levelupspindles","article_modified_time":"2025-04-06T19:14:50+00:00","twitter_card":"summary_large_image","twitter_misc":{"Gesch\u00e4tzte Lesezeit":"1\u00a0Minute"},"schema":{"@context":"https:\/\/schema.org","@graph":[{"@type":"WebPage","@id":"https:\/\/levelupspindles.de\/gebrauchtmotoren\/","url":"https:\/\/levelupspindles.de\/gebrauchtmotoren\/","name":"Gebrauchtmotoren - levelupspindles","isPartOf":{"@id":"https:\/\/levelupspindles.de\/de_de\/#website"},"datePublished":"2025-04-04T07:04:12+00:00","dateModified":"2025-04-06T19:14:50+00:00","breadcrumb":{"@id":"https:\/\/levelupspindles.de\/gebrauchtmotoren\/#breadcrumb"},"inLanguage":"de","potentialAction":[{"@type":"ReadAction","target":["https:\/\/levelupspindles.de\/gebrauchtmotoren\/"]}]},{"@type":"BreadcrumbList","@id":"https:\/\/levelupspindles.de\/gebrauchtmotoren\/#breadcrumb","itemListElement":[{"@type":"ListItem","position":1,"name":"Startseite","item":"https:\/\/levelupspindles.de\/de_de\/"},{"@type":"ListItem","position":2,"name":"Gebrauchtmotoren"}]},{"@type":"WebSite","@id":"https:\/\/levelupspindles.de\/de_de\/#website","url":"https:\/\/levelupspindles.de\/de_de\/","name":"levelupspindles","description":"","publisher":{"@id":"https:\/\/levelupspindles.de\/de_de\/#organization"},"potentialAction":[{"@type":"SearchAction","target":{"@type":"EntryPoint","urlTemplate":"https:\/\/levelupspindles.de\/de_de\/?s={search_term_string}"},"query-input":{"@type":"PropertyValueSpecification","valueRequired":true,"valueName":"search_term_string"}}],"inLanguage":"de"},{"@type":"Organization","@id":"https:\/\/levelupspindles.de\/de_de\/#organization","name":"levelupspindles","url":"https:\/\/levelupspindles.de\/de_de\/","logo":{"@type":"ImageObject","inLanguage":"de","@id":"https:\/\/levelupspindles.de\/de_de\/#\/schema\/logo\/image\/","url":"https:\/\/levelupspindles.de\/wp-content\/uploads\/2025\/05\/LUS-LOGO-1253x600-3.png","contentUrl":"https:\/\/levelupspindles.de\/wp-content\/uploads\/2025\/05\/LUS-LOGO-1253x600-3.png","width":1253,"height":600,"caption":"levelupspindles"},"image":{"@id":"https:\/\/levelupspindles.de\/de_de\/#\/schema\/logo\/image\/"}}]}},"_links":{"self":[{"href":"https:\/\/levelupspindles.de\/de_de\/wp-json\/wp\/v2\/pages\/198","targetHints":{"allow":["GET"]}}],"collection":[{"href":"https:\/\/levelupspindles.de\/de_de\/wp-json\/wp\/v2\/pages"}],"about":[{"href":"https:\/\/levelupspindles.de\/de_de\/wp-json\/wp\/v2\/types\/page"}],"author":[{"embeddable":true,"href":"https:\/\/levelupspindles.de\/de_de\/wp-json\/wp\/v2\/users\/1"}],"replies":[{"embeddable":true,"href":"https:\/\/levelupspindles.de\/de_de\/wp-json\/wp\/v2\/comments?post=198"}],"version-history":[{"count":3,"href":"https:\/\/levelupspindles.de\/de_de\/wp-json\/wp\/v2\/pages\/198\/revisions"}],"predecessor-version":[{"id":223,"href":"https:\/\/levelupspindles.de\/de_de\/wp-json\/wp\/v2\/pages\/198\/revisions\/223"}],"wp:attachment":[{"href":"https:\/\/levelupspindles.de\/de_de\/wp-json\/wp\/v2\/media?parent=198"}],"curies":[{"name":"wp","href":"https:\/\/api.w.org\/{rel}","templated":true}]}}