{"id":206,"date":"2025-04-04T09:05:01","date_gmt":"2025-04-04T07:05:01","guid":{"rendered":"https:\/\/levelup4spindles.de\/?page_id=206"},"modified":"2025-04-06T21:18:24","modified_gmt":"2025-04-06T19:18:24","slug":"maschinenabbau-transport-und-aufbau","status":"publish","type":"page","link":"https:\/\/levelupspindles.de\/de_de\/maschinenabbau-transport-und-aufbau\/","title":{"rendered":"Maschinenabbau, -transport und -aufbau"},"content":{"rendered":"<h2>Maschinenabbau, Transport und Aufbau: Europaweit f\u00fcr Sie im Einsatz<\/h2>\n<p>Wir bieten europaweit einen umfassenden Service f\u00fcr den Abbau, Transport und Aufbau Ihrer Maschinen. Durch unseren Zugang zu einem Netzwerk spezialisierter Servicetechniker k\u00f6nnen wir diese Dienstleistungen f\u00fcr eine Vielzahl von CNC-Maschinen anbieten, insbesondere:<\/p>\n<ul>\n<li>Holz- &amp; Weichwerkstoffbearbeitungsmaschinen (Homag, Weeke, Reichenbacher&#8230;)<\/li>\n<li>Metallbearbeitungsmaschinen (DMG Mori, Mazak&#8230;)<\/li>\n<\/ul>\n<p>F\u00fcr alle anderen Maschinenmodelle pr\u00fcfen wir gerne kurzfristig die Verf\u00fcgbarkeit.<\/p>\n","protected":false},"excerpt":{"rendered":"<p>Maschinenabbau, Transport und Aufbau: Europaweit f\u00fcr Sie im Einsatz Wir bieten europaweit einen umfassenden Service f\u00fcr den Abbau, Transport und Aufbau Ihrer Maschinen. Durch unseren Zugang zu einem Netzwerk spezialisierter Servicetechniker k\u00f6nnen wir diese Dienstleistungen f\u00fcr eine Vielzahl von CNC-Maschinen anbieten, insbesondere: Holz- &amp; Weichwerkstoffbearbeitungsmaschinen (Homag, Weeke, Reichenbacher&#8230;) Metallbearbeitungsmaschinen (DMG Mori, Mazak&#8230;) F\u00fcr alle anderen [&hellip;]<\/p>\n","protected":false},"author":1,"featured_media":0,"parent":0,"menu_order":0,"comment_status":"closed","ping_status":"closed","template":"","meta":{"footnotes":""},"class_list":["post-206","page","type-page","status-publish","hentry"],"yoast_head":"<!-- This site is optimized with the Yoast SEO plugin v25.0 - https:\/\/yoast.com\/wordpress\/plugins\/seo\/ -->\n<title>Maschinenabbau, -transport und -aufbau - levelupspindles<\/title>\n<meta name=\"robots\" content=\"index, follow, max-snippet:-1, max-image-preview:large, max-video-preview:-1\" \/>\n<link rel=\"canonical\" href=\"https:\/\/levelupspindles.de\/de_de\/maschinenabbau-transport-und-aufbau\/\" \/>\n<meta property=\"og:locale\" content=\"de_DE\" \/>\n<meta property=\"og:type\" content=\"article\" \/>\n<meta property=\"og:title\" content=\"Maschinenabbau, -transport und -aufbau - levelupspindles\" \/>\n<meta property=\"og:description\" content=\"Maschinenabbau, Transport und Aufbau: Europaweit f\u00fcr Sie im Einsatz Wir bieten europaweit einen umfassenden Service f\u00fcr den Abbau, Transport und Aufbau Ihrer Maschinen. Durch unseren Zugang zu einem Netzwerk spezialisierter Servicetechniker k\u00f6nnen wir diese Dienstleistungen f\u00fcr eine Vielzahl von CNC-Maschinen anbieten, insbesondere: Holz- &amp; Weichwerkstoffbearbeitungsmaschinen (Homag, Weeke, Reichenbacher&#8230;) Metallbearbeitungsmaschinen (DMG Mori, Mazak&#8230;) F\u00fcr alle anderen [&hellip;]\" \/>\n<meta property=\"og:url\" content=\"https:\/\/levelupspindles.de\/de_de\/maschinenabbau-transport-und-aufbau\/\" \/>\n<meta property=\"og:site_name\" content=\"levelupspindles\" \/>\n<meta property=\"article:modified_time\" content=\"2025-04-06T19:18:24+00:00\" \/>\n<meta name=\"twitter:card\" content=\"summary_large_image\" \/>\n<meta name=\"twitter:label1\" content=\"Gesch\u00e4tzte Lesezeit\" \/>\n\t<meta name=\"twitter:data1\" content=\"1\u00a0Minute\" \/>\n<script type=\"application\/ld+json\" class=\"yoast-schema-graph\">{\"@context\":\"https:\/\/schema.org\",\"@graph\":[{\"@type\":\"WebPage\",\"@id\":\"https:\/\/levelupspindles.de\/maschinenabbau-transport-und-aufbau\/\",\"url\":\"https:\/\/levelupspindles.de\/maschinenabbau-transport-und-aufbau\/\",\"name\":\"Maschinenabbau, -transport und -aufbau - levelupspindles\",\"isPartOf\":{\"@id\":\"https:\/\/levelupspindles.de\/de_de\/#website\"},\"datePublished\":\"2025-04-04T07:05:01+00:00\",\"dateModified\":\"2025-04-06T19:18:24+00:00\",\"breadcrumb\":{\"@id\":\"https:\/\/levelupspindles.de\/maschinenabbau-transport-und-aufbau\/#breadcrumb\"},\"inLanguage\":\"de\",\"potentialAction\":[{\"@type\":\"ReadAction\",\"target\":[\"https:\/\/levelupspindles.de\/maschinenabbau-transport-und-aufbau\/\"]}]},{\"@type\":\"BreadcrumbList\",\"@id\":\"https:\/\/levelupspindles.de\/maschinenabbau-transport-und-aufbau\/#breadcrumb\",\"itemListElement\":[{\"@type\":\"ListItem\",\"position\":1,\"name\":\"Startseite\",\"item\":\"https:\/\/levelupspindles.de\/de_de\/\"},{\"@type\":\"ListItem\",\"position\":2,\"name\":\"Maschinenabbau, -transport und -aufbau\"}]},{\"@type\":\"WebSite\",\"@id\":\"https:\/\/levelupspindles.de\/de_de\/#website\",\"url\":\"https:\/\/levelupspindles.de\/de_de\/\",\"name\":\"levelupspindles\",\"description\":\"\",\"publisher\":{\"@id\":\"https:\/\/levelupspindles.de\/de_de\/#organization\"},\"potentialAction\":[{\"@type\":\"SearchAction\",\"target\":{\"@type\":\"EntryPoint\",\"urlTemplate\":\"https:\/\/levelupspindles.de\/de_de\/?s={search_term_string}\"},\"query-input\":{\"@type\":\"PropertyValueSpecification\",\"valueRequired\":true,\"valueName\":\"search_term_string\"}}],\"inLanguage\":\"de\"},{\"@type\":\"Organization\",\"@id\":\"https:\/\/levelupspindles.de\/de_de\/#organization\",\"name\":\"levelupspindles\",\"url\":\"https:\/\/levelupspindles.de\/de_de\/\",\"logo\":{\"@type\":\"ImageObject\",\"inLanguage\":\"de\",\"@id\":\"https:\/\/levelupspindles.de\/de_de\/#\/schema\/logo\/image\/\",\"url\":\"https:\/\/levelupspindles.de\/wp-content\/uploads\/2025\/05\/LUS-LOGO-1253x600-3.png\",\"contentUrl\":\"https:\/\/levelupspindles.de\/wp-content\/uploads\/2025\/05\/LUS-LOGO-1253x600-3.png\",\"width\":1253,\"height\":600,\"caption\":\"levelupspindles\"},\"image\":{\"@id\":\"https:\/\/levelupspindles.de\/de_de\/#\/schema\/logo\/image\/\"}}]}<\/script>\n<!-- \/ Yoast SEO plugin. -->","yoast_head_json":{"title":"Maschinenabbau, -transport und -aufbau - levelupspindles","robots":{"index":"index","follow":"follow","max-snippet":"max-snippet:-1","max-image-preview":"max-image-preview:large","max-video-preview":"max-video-preview:-1"},"canonical":"https:\/\/levelupspindles.de\/de_de\/maschinenabbau-transport-und-aufbau\/","og_locale":"de_DE","og_type":"article","og_title":"Maschinenabbau, -transport und -aufbau - levelupspindles","og_description":"Maschinenabbau, Transport und Aufbau: Europaweit f\u00fcr Sie im Einsatz Wir bieten europaweit einen umfassenden Service f\u00fcr den Abbau, Transport und Aufbau Ihrer Maschinen. Durch unseren Zugang zu einem Netzwerk spezialisierter Servicetechniker k\u00f6nnen wir diese Dienstleistungen f\u00fcr eine Vielzahl von CNC-Maschinen anbieten, insbesondere: Holz- &amp; Weichwerkstoffbearbeitungsmaschinen (Homag, Weeke, Reichenbacher&#8230;) Metallbearbeitungsmaschinen (DMG Mori, Mazak&#8230;) F\u00fcr alle anderen [&hellip;]","og_url":"https:\/\/levelupspindles.de\/de_de\/maschinenabbau-transport-und-aufbau\/","og_site_name":"levelupspindles","article_modified_time":"2025-04-06T19:18:24+00:00","twitter_card":"summary_large_image","twitter_misc":{"Gesch\u00e4tzte Lesezeit":"1\u00a0Minute"},"schema":{"@context":"https:\/\/schema.org","@graph":[{"@type":"WebPage","@id":"https:\/\/levelupspindles.de\/maschinenabbau-transport-und-aufbau\/","url":"https:\/\/levelupspindles.de\/maschinenabbau-transport-und-aufbau\/","name":"Maschinenabbau, -transport und -aufbau - levelupspindles","isPartOf":{"@id":"https:\/\/levelupspindles.de\/de_de\/#website"},"datePublished":"2025-04-04T07:05:01+00:00","dateModified":"2025-04-06T19:18:24+00:00","breadcrumb":{"@id":"https:\/\/levelupspindles.de\/maschinenabbau-transport-und-aufbau\/#breadcrumb"},"inLanguage":"de","potentialAction":[{"@type":"ReadAction","target":["https:\/\/levelupspindles.de\/maschinenabbau-transport-und-aufbau\/"]}]},{"@type":"BreadcrumbList","@id":"https:\/\/levelupspindles.de\/maschinenabbau-transport-und-aufbau\/#breadcrumb","itemListElement":[{"@type":"ListItem","position":1,"name":"Startseite","item":"https:\/\/levelupspindles.de\/de_de\/"},{"@type":"ListItem","position":2,"name":"Maschinenabbau, -transport und -aufbau"}]},{"@type":"WebSite","@id":"https:\/\/levelupspindles.de\/de_de\/#website","url":"https:\/\/levelupspindles.de\/de_de\/","name":"levelupspindles","description":"","publisher":{"@id":"https:\/\/levelupspindles.de\/de_de\/#organization"},"potentialAction":[{"@type":"SearchAction","target":{"@type":"EntryPoint","urlTemplate":"https:\/\/levelupspindles.de\/de_de\/?s={search_term_string}"},"query-input":{"@type":"PropertyValueSpecification","valueRequired":true,"valueName":"search_term_string"}}],"inLanguage":"de"},{"@type":"Organization","@id":"https:\/\/levelupspindles.de\/de_de\/#organization","name":"levelupspindles","url":"https:\/\/levelupspindles.de\/de_de\/","logo":{"@type":"ImageObject","inLanguage":"de","@id":"https:\/\/levelupspindles.de\/de_de\/#\/schema\/logo\/image\/","url":"https:\/\/levelupspindles.de\/wp-content\/uploads\/2025\/05\/LUS-LOGO-1253x600-3.png","contentUrl":"https:\/\/levelupspindles.de\/wp-content\/uploads\/2025\/05\/LUS-LOGO-1253x600-3.png","width":1253,"height":600,"caption":"levelupspindles"},"image":{"@id":"https:\/\/levelupspindles.de\/de_de\/#\/schema\/logo\/image\/"}}]}},"_links":{"self":[{"href":"https:\/\/levelupspindles.de\/de_de\/wp-json\/wp\/v2\/pages\/206","targetHints":{"allow":["GET"]}}],"collection":[{"href":"https:\/\/levelupspindles.de\/de_de\/wp-json\/wp\/v2\/pages"}],"about":[{"href":"https:\/\/levelupspindles.de\/de_de\/wp-json\/wp\/v2\/types\/page"}],"author":[{"embeddable":true,"href":"https:\/\/levelupspindles.de\/de_de\/wp-json\/wp\/v2\/users\/1"}],"replies":[{"embeddable":true,"href":"https:\/\/levelupspindles.de\/de_de\/wp-json\/wp\/v2\/comments?post=206"}],"version-history":[{"count":2,"href":"https:\/\/levelupspindles.de\/de_de\/wp-json\/wp\/v2\/pages\/206\/revisions"}],"predecessor-version":[{"id":227,"href":"https:\/\/levelupspindles.de\/de_de\/wp-json\/wp\/v2\/pages\/206\/revisions\/227"}],"wp:attachment":[{"href":"https:\/\/levelupspindles.de\/de_de\/wp-json\/wp\/v2\/media?parent=206"}],"curies":[{"name":"wp","href":"https:\/\/api.w.org\/{rel}","templated":true}]}}