{"id":3,"date":"2025-01-11T13:42:03","date_gmt":"2025-01-11T12:42:03","guid":{"rendered":"https:\/\/levelup4spindles.de\/?page_id=3"},"modified":"2025-05-08T01:39:47","modified_gmt":"2025-05-07T23:39:47","slug":"datenschutzerklaerung","status":"publish","type":"page","link":"https:\/\/levelupspindles.de\/de_de\/datenschutzerklaerung\/","title":{"rendered":"Datenschutzerkl\u00e4rung"},"content":{"rendered":"\r\n<div class=\"wpb_text_column wpb_content_element \">\r\n<div class=\"wpb_wrapper\">\r\n<p>LevelupSpindles, Neumarkt 10, 32105 Bad Salzuflen garantiert die vertrauliche Behandlung aller gespeicherten pers\u00f6nlichen Daten.<\/p>\r\n<p>Im Rahmen dieser Datenschutzerkl\u00e4rung m\u00f6chten wir Sie dar\u00fcber informieren, wie wir den Schutz der von Ihnen mitgeteilten Daten gew\u00e4hrleisten: Die personenbezogenen Daten werden bei LevelupSpindles nur nach den Vorgaben des geltenden Datenschutzrechtes erhoben, verarbeitet und genutzt. Unsere Datenschutzpraxis steht somit im Einklang mit der EU Datenschutzgrundverordnung \u201eDSGVO\u201c und dem deutschen Datenschutz-Anpassungs- und \u2013 Umsetzungsgesetz EU (\u201eBDSG-neu\u201c).<\/p>\r\n<p>Insgesamt kann LevelupSpindles versichern, dass ohne Ihre Zustimmung \u00fcber diese Website hinaus keine personenbezogenen Daten erhoben werden. Allein Sie entscheiden dar\u00fcber, in welchem Umfang Sie \u2013 etwa im Rahmen einer Kontaktaufnahme \u2013 diese Daten bekanntgeben wollen oder nicht.<\/p>\r\n<p><strong>Sammlung, Speicherung und Nutzung von pers\u00f6nlichen Daten<\/strong><br \/>Personenbezogene Daten sind alle Informationen, die sich auf eine identifizierte oder identifizierbare nat\u00fcrliche Person beziehen; als identifizierbar wird eine nat\u00fcrliche Person angesehen, die direkt oder indirekt, insbesondere mittels Zuordnung zu einer Kennung wie einem Namen, zu einer Kennnummer, zu Standortdaten, zu einer Online-Kennung oder zu einem oder mehreren besonderen Merkmalen, die Ausdruck der physischen, physiologischen, genetischen, psychischen, wirtschaftlichen, kulturellen oder sozialen Identit\u00e4t dieser nat\u00fcrlichen Person sind, identifiziert werden kann (Art. 4 Nr. 1 DSGVO).<br \/>Hierunter fallen beispielsweise Ihr Name, Ihre Telefon-Nummer, die Anrede oder Ihre Anschrift, die Sie uns bei der Kontaktaufnahme mitteilen. Statistische Daten oder anonymisierte Daten, die wir beispielsweise bei dem Besuch unseres Web-Angebotes erheben und die nicht direkt mit Ihrer Person in Verbindung gebracht werden k\u00f6nnen, fallen nicht hierunter.<\/p>\r\n<p>LevelupSpindles speichert Ihre pers\u00f6nlichen Daten nur dann, wenn Sie Ihre Daten explizit zur Verf\u00fcgung gestellt und Ihre ausdr\u00fcckliche Einwilligung zur konkreten Verwendung gegeben haben, beispielsweise im Rahmen von Kontaktanfragen oder im Formular f\u00fcr den Eintrag Ihrer Immobilie \u201eImmobilie verkaufen\u201c. Wir verwenden die von Ihnen mitgeteilten Daten des Weiteren zur Erf\u00fcllung und Abwicklung Ihrer Beauftragung.<\/p>\r\n<p>LevelupSpindles garantiert, dass Ihre pers\u00f6nlichen Daten im \u00dcbrigen weder an Dritte verkauft noch vermietet werden. Wir behalten uns allerdings vor, Informationen \u00fcber Sie offenzulegen, wenn wir gesetzlich hierzu verpflichtet sind oder die Herausgabe von rechtm\u00e4\u00dfig handelnden Beh\u00f6rden oder Strafverfolgungsorganen von uns verlangt wird.<\/p>\r\n<p><strong>Hinweise zur Nutzung von unseren Diensten<\/strong><br \/>Freiwillige Angabe von Daten<br \/>Neben den oben genannten Daten werden personenbezogene sowie die besonderen Daten (\u00a7 3 Abs. 9 BDSG, z.B. politische Meinungen) nur dann erhoben und gespeichert, wenn Sie uns ausdr\u00fccklich und wissentlich solche Informationen f\u00fcr bestimmte Zwecke, Dienste und Funktionen zur Verf\u00fcgung stellen. Dies betrifft bei:<\/p>\r\n<p>Anfragen via E-Mail oder Kontaktformular<br \/>Vor- und Nachname<br \/>Ort<br \/>E-Mail-Adresse<br \/>Text<\/p>\r\n<p>Die von Ihnen eingegebenen pers\u00f6nlichen Daten verwenden wir nur zu dem von Ihnen gew\u00fcnschten Zweck, Dienst oder Funktion und nur innerhalb des Unternehmens.<\/p>\r\n<p>Alle E-Mails dieser Website werden nur an die von Ihnen angegebene Adresse geschickt. Die Adresse wird nicht ver\u00f6ffentlicht und wird nur zu dem von Ihnen gew\u00fcnschten Zweck, Dienst oder Funktion verwendet.<\/p>\r\n<p>Sie k\u00f6nnen durch Mitteilung an service@levelupspindles.de oder eigenst\u00e4ndiges Abbestellen bzw. L\u00f6schen von Diensten oder Funktionen im jeweiligen (technischen) Kontext \u2212 mit Wirkung f\u00fcr die Zukunft \u2212 jederzeit Ihre pers\u00f6nlichen Daten widerrufen. Eine \u00dcbermittlung an Dritte zu anderen Zwecken erfolgt nicht.<\/p>\r\n<p>Wir weisen darauf hin, dass Betreiber von fremden Internetseiten, die von LevelupSpindles aus verlinkt werden, die Daten von Besuchern dieser Internetseiten erheben und auswerten k\u00f6nnen.<\/p>\r\n<p><strong>Cookies<\/strong><br \/>LevelupSpindles weist darauf hin, dass bei Nutzung dieses Angebots so genannte Cookies auf Ihr Endger\u00e4t geladen werden k\u00f6nnen. Dies dient vor allem dazu, die Nutzung angenehmer und individueller zu gestalten. Cookies sind Dateien, die Sie als einen bestimmten Nutzer identifizieren und Ihre pers\u00f6nlichen Pr\u00e4ferenzen bei der Nutzung des Angebots, aber auch technische Informationen, speichern k\u00f6nnen. Dies hat f\u00fcr Sie vor allem den Vorteil, dass Sie die in den Cookies enthaltenen Informationen nicht bei jedem Besuch des Angebots erneut einzugeben brauchen.<\/p>\r\n<p>Sie k\u00f6nnen die Benutzung von Cookies in den Einstellungen Ihres Ger\u00e4ts auch ganz abschalten. LevelupSpindles weist aber darauf hin, dass einige Bereiche des Angebots m\u00f6glicherweise nicht ordnungsgem\u00e4\u00df funktionieren, wenn Ihr Ger\u00e4t so eingestellt ist, dass die Annahme von Cookies oder \u00e4hnlicher Mechanismen verweigert werden. Die mittels Cookies gewonnen Informationen werden nur insoweit mit anderen Informationen verkn\u00fcpft, die eine Identifizierung Ihrer Person erm\u00f6glichen, als dies f\u00fcr die Inanspruchnahme der Angebote erforderlich ist.<\/p>\r\n<p><strong>Google Analytics<\/strong><br \/>Auf dieser Website wird Google Analytics eingesetzt, ein Webanalysedienst der Google LLC (\u201eGoogle\u201c). Die Nutzung umfasst die Betriebsart \u201eUniversal Analytics\u201c. Hierdurch ist es m\u00f6glich, Daten, Sitzungen und Interaktionen \u00fcber mehrere Ger\u00e4te hinweg einer pseudonymen User-ID zuzuordnen und so die Aktivit\u00e4ten eines Nutzers ger\u00e4te\u00fcbergreifend zu analysieren.<\/p>\r\n<p>Google Analytics verwendet sog. \u201eCookies\u201c, Textdateien, die auf Ihrem Computer gespeichert werden und die eine Analyse der Benutzung der Website durch Sie erm\u00f6glichen. Die durch das Cookie erzeugten Informationen \u00fcber Ihre Benutzung dieser Website werden in der Regel an einen Server von Google in den USA \u00fcbertragen und dort gespeichert. Im Falle der Aktivierung der IP-Anonymisierung auf dieser Website, wird Ihre IP-Adresse von Google jedoch innerhalb von Mitgliedstaaten der Europ\u00e4ischen Union oder in anderen Vertragsstaaten des Abkommens \u00fcber den Europ\u00e4ischen Wirtschaftsraum zuvor gek\u00fcrzt. Nur in Ausnahmef\u00e4llen wird die volle IP-Adresse an einen Server von Google in den USA \u00fcbertragen und dort gek\u00fcrzt. Wir weisen Sie darauf hin, dass auf dieser Webseite Google Analytics um eine IP-Anonymisierung erweitert wurde, um eine anonymisierte Erfassung von IP-Adressen (sog. IP-Masking) zu gew\u00e4hrleisten. Die im Rahmen von Google Analytics von Ihrem Browser \u00fcbermittelte IP-Adresse wird nicht mit anderen Daten von Google zusammengef\u00fchrt. N\u00e4here Informationen zu Nutzungsbedingungen und Datenschutz finden Sie unter\u00a0<a href=\"https:\/\/www.google.com\/analytics\/terms\/de.html\" target=\"_blank\" rel=\"noopener\">https:\/\/www.google.com\/analytics\/terms\/de.html<\/a>\u00a0bzw. unter\u00a0<a href=\"https:\/\/policies.google.com\/?hl=de\" target=\"_blank\" rel=\"noopener\">https:\/\/policies.google.com\/?hl=de<\/a>.<\/p>\r\n<p><strong>Google Web Fonts<br \/><\/strong>Diese Seite nutzt zur einheitlichen Darstellung von Schriftarten so genannte Web Fonts, die von Google bereitgestellt werden. Beim Aufruf einer Seite l\u00e4dt Ihr Browser die ben\u00f6tigten Web Fonts in ihren Browsercache, um Texte und Schriftarten korrekt anzuzeigen.<\/p>\r\n<p>Zu diesem Zweck muss der von Ihnen verwendete Browser Verbindung zu den Servern von Google aufnehmen. Hierdurch erlangt Google Kenntnis dar\u00fcber, dass \u00fcber Ihre IP-Adresse unsere Website aufgerufen wurde. Die Nutzung von Google Web Fonts erfolgt im Interesse einer einheitlichen und ansprechenden Darstellung unserer Online-Angebote. Dies stellt ein berechtigtes Interesse im Sinne von Art. 6 Abs. 1 lit. f DSGVO dar.<\/p>\r\n<p>Wenn Ihr Browser Web Fonts nicht unterst\u00fctzt, wird eine Standardschrift von Ihrem Computer genutzt.<\/p>\r\n<p>Weitere Informationen zu Google Web Fonts finden Sie unter\u00a0<a href=\"https:\/\/developers.google.com\/fonts\/faq\" target=\"_blank\" rel=\"noopener\">https:\/\/developers.google.com\/fonts\/faq<\/a>\u00a0und in der Datenschutzerkl\u00e4rung von Google:<a href=\"https:\/\/www.google.com\/policies\/privacy\/\" target=\"_blank\" rel=\"noopener\">https:\/\/www.google.com\/policies\/privacy\/<\/a>.<\/p>\r\n<p><strong>Aufbewahrung von Daten<\/strong><br \/>Wir speichern personenbezogene Daten so lange, wie es n\u00f6tig ist, um eine Dienstleistung auszuf\u00fchren, die Sie gew\u00fcnscht oder zu der Sie Ihre Einwilligung erteilt haben, sofern keine anderslautenden gesetzlichen Verpflichtungen bestehen wie zum Beispiel bei laufenden Gerichtsverfahren.<\/p>\r\n<p><strong>Internet-Sicherheit<\/strong><br \/>LevelupSpindles wendet \u00fcber Ihren Browser Standardsicherheitsma\u00dfnahmen an \u2013 die sogenannte SSL-Verschl\u00fcsselung. Verschl\u00fcsselung der Nutzdaten erfolgt mit SSL-sogenannte SSL-Verschl\u00fcsselung. Die Verschl\u00fcsselung der Nutzdaten erfolgt mit SSL-Zertifikaten. Sie erkennen die SSL-gesch\u00fctzten Bereiche am Schloss-Symbol in Ihrem Browser. Gesicherte Verbindungen sind in der Regel durch Ihre Adresse erkennbar, die mit \u201ehttps:\/\/\u201c beginnt. Wenn Sie auf das Schloss-Symbol einen Doppelklick ausf\u00fchren, dann erhalten Sie n\u00e4here Informationen zum Sicherheits-Zertifikat. Ihre pers\u00f6nlichen Daten werden bei uns sicher durch diese Verschl\u00fcsselung \u00fcbertragen. Dies gilt haupts\u00e4chlich f\u00fcr Ihre Kontaktanfrage. Zwar kann niemand einen absoluten Schutz garantieren. Wir sichern unsere Website und sonstige Systeme jedoch durch technische und organisatorische Ma\u00dfnahmen gegen Verlust, Zerst\u00f6rung, Zugriff, Ver\u00e4nderung oder Verbreitung Ihrer Daten durch unbefugte Personen ab.<\/p>\r\n<p><strong>Datensicherheit<\/strong><br \/>LevelupSpindles hat zum Schutz Ihrer durch uns erhobenen, verarbeiteten und genutzten personenbezogenen Daten umfangreiche technische und organisatorische Sicherheitsma\u00dfnahmen getroffen. Diese werden regelm\u00e4\u00dfig \u00fcberpr\u00fcft und dem technischen Fortschritt angepasst.<\/p>\r\n<p><strong>Rechte der Kunden<\/strong><br \/>Nach der DSGVO haben Sie ein Recht auf Auskunft \u00fcber die zu Ihrer Person gespeicherten personenbezogenen Daten sowie ein Recht auf Berichtigung oder L\u00f6schung oder auf Einschr\u00e4nkung der Verarbeitung oder auf Daten\u00fcbertragbarkeit, ohne dass hierf\u00fcr andere als die \u00dcbermittlungskosten nach den Basistarifen entstehen. Bitte beachten Sie auch die Informationen gem\u00e4\u00df Art. 13 DSGVO am Ende dieser Datenschutzbestimmungen.<br \/>Selbstverst\u00e4ndlich k\u00f6nnen Sie ebenfalls der Verwendung Ihrer personenbezogenen Daten jederzeit widersprechen oder ggf. erteilte Einwilligungen jederzeit widerrufen. F\u00fcr Auskunft oder Widerruf schreiben Sie an LevelupSpindles, Neumarkt 10, 32105 Bad Salzuflen oder per E-Mail an: service@levelupspindles.de\u00a0<\/p>\r\n<p><strong>Aktualisierung und \u00c4nderung<\/strong><br \/>Teile der Datenschutzerkl\u00e4rung k\u00f6nnen von uns ge\u00e4ndert oder aktualisiert werden, ohne dass Sie vorher von uns benachrichtigt werden. Bitte \u00fcberpr\u00fcfen Sie jeweils die Datenschutzerkl\u00e4rung bevor Sie unsere Angebote nutzen, um bei m\u00f6glichen \u00c4nderungen oder Aktualisierungen auf dem neuesten Stand zu sein.<\/p>\r\n<p><strong>BDSG und andere Rechtsvorschrift<\/strong><br \/><strong>1. DSGVO und BDSG-neu<\/strong><br \/>Die Verarbeitung der LevelupSpindles bekanntgegebenen Daten zu Ihrer Person werden durch die DSGVO und das BDSG-neu in den jeweiligen g\u00fcltigen Fassungen geregelt. Danach ist die Datenerhebung, -verarbeitung, -nutzung und -\u00fcbermittlung (nachstehend: Datenverwendung) zul\u00e4ssig, wenn die DSGVO, das BDSG-neu oder eine andere Rechtsvorschrift sie erlaubt oder wenn der Betroffene eingewilligt hat.<\/p>\r\n<p><strong>2. Aktualisierung dieser Nutzungsbedingungen<\/strong><br \/>Aufgrund der st\u00e4ndigen technischen und rechtlichen Neuerungen m\u00fcssen wir die nachstehenden Nutzungsbedingungen von Zeit zu Zeit \u00e4ndern bzw. aktualisieren.<\/p>\r\n<p><strong>3. Haftungsausschluss<\/strong><br \/>Auf unseren Websites k\u00f6nnen sich Hyperlinks zu fremden Websites anderer Anbieter befinden. LevelupSpindles sind die Inhalte fremder Websites unbekannt. Die LevelupSpindles \u00fcbernimmt daher keine Gew\u00e4hr oder Haftung f\u00fcr eventuell rechtswidrige Inhalte oder sonstige Rechtsverletzungen auf Websites fremder Anbieter. Die Informationen auf dieser Website wurden mit aller Sorgfalt zusammengestellt und \u00fcberpr\u00fcft. Dennoch k\u00f6nnen wir f\u00fcr ihre Aktualit\u00e4t, Richtigkeit, Vollst\u00e4ndigkeit und \/ oder Qualit\u00e4t keinerlei Verantwortung \u00fcbernehmen. Diese Website dient der allgemeinen Information und ersetzt keinesfalls fachlichen Rat. LevelupSpindles \u00fcbernimmt keine Verantwortung f\u00fcr Handlungen, die auf der Grundlage dieser Website vorgenommen wurden. Die Benutzung dieser Website und das Herunterladen von Daten erfolgt auf eigene Gefahr. LevelupSpindles \u00fcbernimmt keine Verantwortung f\u00fcr hieraus entstehende Sch\u00e4den, insbesondere an Datenbest\u00e4nden, Hard- und \/ oder Software des Benutzers.<\/p>\r\n<\/div>\r\n<\/div>","protected":false},"excerpt":{"rendered":"<p>LevelupSpindles, Neumarkt 10, 32105 Bad Salzuflen garantiert die vertrauliche Behandlung aller gespeicherten pers\u00f6nlichen Daten. Im Rahmen dieser Datenschutzerkl\u00e4rung m\u00f6chten wir Sie dar\u00fcber informieren, wie wir den Schutz der von Ihnen mitgeteilten Daten gew\u00e4hrleisten: Die personenbezogenen Daten werden bei LevelupSpindles nur nach den Vorgaben des geltenden Datenschutzrechtes erhoben, verarbeitet und genutzt. Unsere Datenschutzpraxis steht somit im [&hellip;]<\/p>\n","protected":false},"author":1,"featured_media":0,"parent":0,"menu_order":0,"comment_status":"closed","ping_status":"open","template":"","meta":{"footnotes":""},"class_list":["post-3","page","type-page","status-publish","hentry"],"yoast_head":"<!-- This site is optimized with the Yoast SEO plugin v25.0 - https:\/\/yoast.com\/wordpress\/plugins\/seo\/ -->\n<title>Datenschutzerkl\u00e4rung - levelupspindles<\/title>\n<meta name=\"robots\" content=\"index, follow, max-snippet:-1, max-image-preview:large, max-video-preview:-1\" \/>\n<link rel=\"canonical\" href=\"https:\/\/levelupspindles.de\/de_de\/datenschutzerklaerung\/\" \/>\n<meta property=\"og:locale\" content=\"de_DE\" \/>\n<meta property=\"og:type\" content=\"article\" \/>\n<meta property=\"og:title\" content=\"Datenschutzerkl\u00e4rung - levelupspindles\" \/>\n<meta property=\"og:description\" content=\"LevelupSpindles, Neumarkt 10, 32105 Bad Salzuflen garantiert die vertrauliche Behandlung aller gespeicherten pers\u00f6nlichen Daten. Im Rahmen dieser Datenschutzerkl\u00e4rung m\u00f6chten wir Sie dar\u00fcber informieren, wie wir den Schutz der von Ihnen mitgeteilten Daten gew\u00e4hrleisten: Die personenbezogenen Daten werden bei LevelupSpindles nur nach den Vorgaben des geltenden Datenschutzrechtes erhoben, verarbeitet und genutzt. Unsere Datenschutzpraxis steht somit im [&hellip;]\" \/>\n<meta property=\"og:url\" content=\"https:\/\/levelupspindles.de\/de_de\/datenschutzerklaerung\/\" \/>\n<meta property=\"og:site_name\" content=\"levelupspindles\" \/>\n<meta property=\"article:modified_time\" content=\"2025-05-07T23:39:47+00:00\" \/>\n<meta name=\"twitter:card\" content=\"summary_large_image\" \/>\n<meta name=\"twitter:label1\" content=\"Gesch\u00e4tzte Lesezeit\" \/>\n\t<meta name=\"twitter:data1\" content=\"9\u00a0Minuten\" \/>\n<script type=\"application\/ld+json\" class=\"yoast-schema-graph\">{\"@context\":\"https:\/\/schema.org\",\"@graph\":[{\"@type\":\"WebPage\",\"@id\":\"https:\/\/levelupspindles.de\/datenschutzerklaerung\/\",\"url\":\"https:\/\/levelupspindles.de\/datenschutzerklaerung\/\",\"name\":\"Datenschutzerkl\u00e4rung - levelupspindles\",\"isPartOf\":{\"@id\":\"https:\/\/levelupspindles.de\/de_de\/#website\"},\"datePublished\":\"2025-01-11T12:42:03+00:00\",\"dateModified\":\"2025-05-07T23:39:47+00:00\",\"breadcrumb\":{\"@id\":\"https:\/\/levelupspindles.de\/datenschutzerklaerung\/#breadcrumb\"},\"inLanguage\":\"de\",\"potentialAction\":[{\"@type\":\"ReadAction\",\"target\":[\"https:\/\/levelupspindles.de\/datenschutzerklaerung\/\"]}]},{\"@type\":\"BreadcrumbList\",\"@id\":\"https:\/\/levelupspindles.de\/datenschutzerklaerung\/#breadcrumb\",\"itemListElement\":[{\"@type\":\"ListItem\",\"position\":1,\"name\":\"Startseite\",\"item\":\"https:\/\/levelupspindles.de\/de_de\/\"},{\"@type\":\"ListItem\",\"position\":2,\"name\":\"Datenschutzerkl\u00e4rung\"}]},{\"@type\":\"WebSite\",\"@id\":\"https:\/\/levelupspindles.de\/de_de\/#website\",\"url\":\"https:\/\/levelupspindles.de\/de_de\/\",\"name\":\"levelupspindles\",\"description\":\"\",\"publisher\":{\"@id\":\"https:\/\/levelupspindles.de\/de_de\/#organization\"},\"potentialAction\":[{\"@type\":\"SearchAction\",\"target\":{\"@type\":\"EntryPoint\",\"urlTemplate\":\"https:\/\/levelupspindles.de\/de_de\/?s={search_term_string}\"},\"query-input\":{\"@type\":\"PropertyValueSpecification\",\"valueRequired\":true,\"valueName\":\"search_term_string\"}}],\"inLanguage\":\"de\"},{\"@type\":\"Organization\",\"@id\":\"https:\/\/levelupspindles.de\/de_de\/#organization\",\"name\":\"levelupspindles\",\"url\":\"https:\/\/levelupspindles.de\/de_de\/\",\"logo\":{\"@type\":\"ImageObject\",\"inLanguage\":\"de\",\"@id\":\"https:\/\/levelupspindles.de\/de_de\/#\/schema\/logo\/image\/\",\"url\":\"https:\/\/levelupspindles.de\/wp-content\/uploads\/2025\/05\/LUS-LOGO-1253x600-3.png\",\"contentUrl\":\"https:\/\/levelupspindles.de\/wp-content\/uploads\/2025\/05\/LUS-LOGO-1253x600-3.png\",\"width\":1253,\"height\":600,\"caption\":\"levelupspindles\"},\"image\":{\"@id\":\"https:\/\/levelupspindles.de\/de_de\/#\/schema\/logo\/image\/\"}}]}<\/script>\n<!-- \/ Yoast SEO plugin. -->","yoast_head_json":{"title":"Datenschutzerkl\u00e4rung - levelupspindles","robots":{"index":"index","follow":"follow","max-snippet":"max-snippet:-1","max-image-preview":"max-image-preview:large","max-video-preview":"max-video-preview:-1"},"canonical":"https:\/\/levelupspindles.de\/de_de\/datenschutzerklaerung\/","og_locale":"de_DE","og_type":"article","og_title":"Datenschutzerkl\u00e4rung - levelupspindles","og_description":"LevelupSpindles, Neumarkt 10, 32105 Bad Salzuflen garantiert die vertrauliche Behandlung aller gespeicherten pers\u00f6nlichen Daten. Im Rahmen dieser Datenschutzerkl\u00e4rung m\u00f6chten wir Sie dar\u00fcber informieren, wie wir den Schutz der von Ihnen mitgeteilten Daten gew\u00e4hrleisten: Die personenbezogenen Daten werden bei LevelupSpindles nur nach den Vorgaben des geltenden Datenschutzrechtes erhoben, verarbeitet und genutzt. Unsere Datenschutzpraxis steht somit im [&hellip;]","og_url":"https:\/\/levelupspindles.de\/de_de\/datenschutzerklaerung\/","og_site_name":"levelupspindles","article_modified_time":"2025-05-07T23:39:47+00:00","twitter_card":"summary_large_image","twitter_misc":{"Gesch\u00e4tzte Lesezeit":"9\u00a0Minuten"},"schema":{"@context":"https:\/\/schema.org","@graph":[{"@type":"WebPage","@id":"https:\/\/levelupspindles.de\/datenschutzerklaerung\/","url":"https:\/\/levelupspindles.de\/datenschutzerklaerung\/","name":"Datenschutzerkl\u00e4rung - levelupspindles","isPartOf":{"@id":"https:\/\/levelupspindles.de\/de_de\/#website"},"datePublished":"2025-01-11T12:42:03+00:00","dateModified":"2025-05-07T23:39:47+00:00","breadcrumb":{"@id":"https:\/\/levelupspindles.de\/datenschutzerklaerung\/#breadcrumb"},"inLanguage":"de","potentialAction":[{"@type":"ReadAction","target":["https:\/\/levelupspindles.de\/datenschutzerklaerung\/"]}]},{"@type":"BreadcrumbList","@id":"https:\/\/levelupspindles.de\/datenschutzerklaerung\/#breadcrumb","itemListElement":[{"@type":"ListItem","position":1,"name":"Startseite","item":"https:\/\/levelupspindles.de\/de_de\/"},{"@type":"ListItem","position":2,"name":"Datenschutzerkl\u00e4rung"}]},{"@type":"WebSite","@id":"https:\/\/levelupspindles.de\/de_de\/#website","url":"https:\/\/levelupspindles.de\/de_de\/","name":"levelupspindles","description":"","publisher":{"@id":"https:\/\/levelupspindles.de\/de_de\/#organization"},"potentialAction":[{"@type":"SearchAction","target":{"@type":"EntryPoint","urlTemplate":"https:\/\/levelupspindles.de\/de_de\/?s={search_term_string}"},"query-input":{"@type":"PropertyValueSpecification","valueRequired":true,"valueName":"search_term_string"}}],"inLanguage":"de"},{"@type":"Organization","@id":"https:\/\/levelupspindles.de\/de_de\/#organization","name":"levelupspindles","url":"https:\/\/levelupspindles.de\/de_de\/","logo":{"@type":"ImageObject","inLanguage":"de","@id":"https:\/\/levelupspindles.de\/de_de\/#\/schema\/logo\/image\/","url":"https:\/\/levelupspindles.de\/wp-content\/uploads\/2025\/05\/LUS-LOGO-1253x600-3.png","contentUrl":"https:\/\/levelupspindles.de\/wp-content\/uploads\/2025\/05\/LUS-LOGO-1253x600-3.png","width":1253,"height":600,"caption":"levelupspindles"},"image":{"@id":"https:\/\/levelupspindles.de\/de_de\/#\/schema\/logo\/image\/"}}]}},"_links":{"self":[{"href":"https:\/\/levelupspindles.de\/de_de\/wp-json\/wp\/v2\/pages\/3","targetHints":{"allow":["GET"]}}],"collection":[{"href":"https:\/\/levelupspindles.de\/de_de\/wp-json\/wp\/v2\/pages"}],"about":[{"href":"https:\/\/levelupspindles.de\/de_de\/wp-json\/wp\/v2\/types\/page"}],"author":[{"embeddable":true,"href":"https:\/\/levelupspindles.de\/de_de\/wp-json\/wp\/v2\/users\/1"}],"replies":[{"embeddable":true,"href":"https:\/\/levelupspindles.de\/de_de\/wp-json\/wp\/v2\/comments?post=3"}],"version-history":[{"count":6,"href":"https:\/\/levelupspindles.de\/de_de\/wp-json\/wp\/v2\/pages\/3\/revisions"}],"predecessor-version":[{"id":728,"href":"https:\/\/levelupspindles.de\/de_de\/wp-json\/wp\/v2\/pages\/3\/revisions\/728"}],"wp:attachment":[{"href":"https:\/\/levelupspindles.de\/de_de\/wp-json\/wp\/v2\/media?parent=3"}],"curies":[{"name":"wp","href":"https:\/\/api.w.org\/{rel}","templated":true}]}}