{"id":186,"date":"2025-04-04T09:02:54","date_gmt":"2025-04-04T07:02:54","guid":{"rendered":"https:\/\/levelup4spindles.de\/?page_id=186"},"modified":"2025-04-21T12:18:35","modified_gmt":"2025-04-21T10:18:35","slug":"ueber-uns-3","status":"publish","type":"page","link":"https:\/\/levelupspindles.de\/en\/ueber-uns-3\/","title":{"rendered":"About Us"},"content":{"rendered":"<h2>We for You: Together on a Strong Network Foundation<\/h2>\n<p>Benefit from around 20 years of industrial experience in service, project planning, and manufacturing automation. We offer tailored solutions that place customer value at the center.<\/p>\n<p>Technical and commercial managers must annually inspect and procure numerous items \u2013 from new components and spare parts to repairs. Especially for motor spindles and drive systems, which are among the more relevant and cost-intensive items, there is often little time for detailed market analysis and qualified supplier selection. We know that this process is very time-consuming and requires informed decisions that consider quality, procurement time, and costs. This is precisely where we come in.<\/p>\n<p>Founded in October 2024, LevelupSpindles pursues an innovative business concept that drives the optimization and standardization of solutions for motor spindles and industrial drive systems. As an independent partner for all motor and spindle manufacturers and repair shops, we offer you flexible, customized solutions. Through our collaborative partnerships with carefully qualified and selected service providers, we guarantee high-quality solutions and fair prices. We connect the individual needs of our customers with the expertise of professional workshops and specialists, while always remaining the central point of contact for all inquiries. For new projects, we work with leading global manufacturers; repairs are carried out in specialized workshops within the EU, primarily in Germany \u2013 one of the world's leading locations for precision repairs.<\/p>\n<p>We are constantly expanding our network and growing for you to provide you with the best possible service in the long term. The added value for our customers and the appreciation of our strong partners are equally important to us. Benefit from our unique market positioning and our comprehensive range of services \u2013 for a long-term and successful partnership.<\/p>","protected":false},"excerpt":{"rendered":"<p>Wir f\u00fcr Sie: Gemeinsam auf einem starken Netzwerk Fundament Profitieren Sie von rund 20 Jahren Industrieerfahrung in den Bereichen Service, Projektierung und Fertigungsautomatisierung. Wir bieten ma\u00dfgeschneiderte L\u00f6sungen, die den Kundennutzen in den Mittelpunkt stellen. Technische und kaufm\u00e4nnische Verantwortliche m\u00fcssen j\u00e4hrlich zahlreiche Artikel \u2013 von Neukomponenten \u00fcber Ersatzteile bis hin zu Reparaturen \u2013 pr\u00fcfen und beschaffen. [&hellip;]<\/p>","protected":false},"author":1,"featured_media":0,"parent":0,"menu_order":0,"comment_status":"closed","ping_status":"closed","template":"","meta":{"footnotes":""},"class_list":["post-186","page","type-page","status-publish","hentry"],"yoast_head":"<!-- This site is optimized with the Yoast SEO plugin v25.0 - https:\/\/yoast.com\/wordpress\/plugins\/seo\/ -->\n<title>\u00dcber uns - levelupspindles<\/title>\n<meta name=\"robots\" content=\"index, follow, max-snippet:-1, max-image-preview:large, max-video-preview:-1\" \/>\n<link rel=\"canonical\" href=\"https:\/\/levelupspindles.de\/en\/ueber-uns-3\/\" \/>\n<meta property=\"og:locale\" content=\"en_US\" \/>\n<meta property=\"og:type\" content=\"article\" \/>\n<meta property=\"og:title\" content=\"\u00dcber uns - levelupspindles\" \/>\n<meta property=\"og:description\" content=\"Wir f\u00fcr Sie: Gemeinsam auf einem starken Netzwerk Fundament Profitieren Sie von rund 20 Jahren Industrieerfahrung in den Bereichen Service, Projektierung und Fertigungsautomatisierung. Wir bieten ma\u00dfgeschneiderte L\u00f6sungen, die den Kundennutzen in den Mittelpunkt stellen. Technische und kaufm\u00e4nnische Verantwortliche m\u00fcssen j\u00e4hrlich zahlreiche Artikel \u2013 von Neukomponenten \u00fcber Ersatzteile bis hin zu Reparaturen \u2013 pr\u00fcfen und beschaffen. [&hellip;]\" \/>\n<meta property=\"og:url\" content=\"https:\/\/levelupspindles.de\/en\/ueber-uns-3\/\" \/>\n<meta property=\"og:site_name\" content=\"levelupspindles\" \/>\n<meta property=\"article:modified_time\" content=\"2025-04-21T10:18:35+00:00\" \/>\n<meta name=\"twitter:card\" content=\"summary_large_image\" \/>\n<meta name=\"twitter:label1\" content=\"Est. reading time\" \/>\n\t<meta name=\"twitter:data1\" content=\"2 minutes\" \/>\n<script type=\"application\/ld+json\" class=\"yoast-schema-graph\">{\"@context\":\"https:\/\/schema.org\",\"@graph\":[{\"@type\":\"WebPage\",\"@id\":\"https:\/\/levelupspindles.de\/ueber-uns-3\/\",\"url\":\"https:\/\/levelupspindles.de\/ueber-uns-3\/\",\"name\":\"\u00dcber uns - levelupspindles\",\"isPartOf\":{\"@id\":\"https:\/\/levelupspindles.de\/de_de\/#website\"},\"datePublished\":\"2025-04-04T07:02:54+00:00\",\"dateModified\":\"2025-04-21T10:18:35+00:00\",\"breadcrumb\":{\"@id\":\"https:\/\/levelupspindles.de\/ueber-uns-3\/#breadcrumb\"},\"inLanguage\":\"en-US\",\"potentialAction\":[{\"@type\":\"ReadAction\",\"target\":[\"https:\/\/levelupspindles.de\/ueber-uns-3\/\"]}]},{\"@type\":\"BreadcrumbList\",\"@id\":\"https:\/\/levelupspindles.de\/ueber-uns-3\/#breadcrumb\",\"itemListElement\":[{\"@type\":\"ListItem\",\"position\":1,\"name\":\"Startseite\",\"item\":\"https:\/\/levelupspindles.de\/de_de\/\"},{\"@type\":\"ListItem\",\"position\":2,\"name\":\"\u00dcber uns\"}]},{\"@type\":\"WebSite\",\"@id\":\"https:\/\/levelupspindles.de\/de_de\/#website\",\"url\":\"https:\/\/levelupspindles.de\/de_de\/\",\"name\":\"levelupspindles\",\"description\":\"\",\"publisher\":{\"@id\":\"https:\/\/levelupspindles.de\/de_de\/#organization\"},\"potentialAction\":[{\"@type\":\"SearchAction\",\"target\":{\"@type\":\"EntryPoint\",\"urlTemplate\":\"https:\/\/levelupspindles.de\/de_de\/?s={search_term_string}\"},\"query-input\":{\"@type\":\"PropertyValueSpecification\",\"valueRequired\":true,\"valueName\":\"search_term_string\"}}],\"inLanguage\":\"en-US\"},{\"@type\":\"Organization\",\"@id\":\"https:\/\/levelupspindles.de\/de_de\/#organization\",\"name\":\"levelupspindles\",\"url\":\"https:\/\/levelupspindles.de\/de_de\/\",\"logo\":{\"@type\":\"ImageObject\",\"inLanguage\":\"en-US\",\"@id\":\"https:\/\/levelupspindles.de\/de_de\/#\/schema\/logo\/image\/\",\"url\":\"https:\/\/levelupspindles.de\/wp-content\/uploads\/2025\/05\/LUS-LOGO-1253x600-3.png\",\"contentUrl\":\"https:\/\/levelupspindles.de\/wp-content\/uploads\/2025\/05\/LUS-LOGO-1253x600-3.png\",\"width\":1253,\"height\":600,\"caption\":\"levelupspindles\"},\"image\":{\"@id\":\"https:\/\/levelupspindles.de\/de_de\/#\/schema\/logo\/image\/\"}}]}<\/script>\n<!-- \/ Yoast SEO plugin. -->","yoast_head_json":{"title":"\u00dcber uns - levelupspindles","robots":{"index":"index","follow":"follow","max-snippet":"max-snippet:-1","max-image-preview":"max-image-preview:large","max-video-preview":"max-video-preview:-1"},"canonical":"https:\/\/levelupspindles.de\/en\/ueber-uns-3\/","og_locale":"en_US","og_type":"article","og_title":"\u00dcber uns - levelupspindles","og_description":"Wir f\u00fcr Sie: Gemeinsam auf einem starken Netzwerk Fundament Profitieren Sie von rund 20 Jahren Industrieerfahrung in den Bereichen Service, Projektierung und Fertigungsautomatisierung. Wir bieten ma\u00dfgeschneiderte L\u00f6sungen, die den Kundennutzen in den Mittelpunkt stellen. Technische und kaufm\u00e4nnische Verantwortliche m\u00fcssen j\u00e4hrlich zahlreiche Artikel \u2013 von Neukomponenten \u00fcber Ersatzteile bis hin zu Reparaturen \u2013 pr\u00fcfen und beschaffen. [&hellip;]","og_url":"https:\/\/levelupspindles.de\/en\/ueber-uns-3\/","og_site_name":"levelupspindles","article_modified_time":"2025-04-21T10:18:35+00:00","twitter_card":"summary_large_image","twitter_misc":{"Est. reading time":"2 minutes"},"schema":{"@context":"https:\/\/schema.org","@graph":[{"@type":"WebPage","@id":"https:\/\/levelupspindles.de\/ueber-uns-3\/","url":"https:\/\/levelupspindles.de\/ueber-uns-3\/","name":"\u00dcber uns - levelupspindles","isPartOf":{"@id":"https:\/\/levelupspindles.de\/de_de\/#website"},"datePublished":"2025-04-04T07:02:54+00:00","dateModified":"2025-04-21T10:18:35+00:00","breadcrumb":{"@id":"https:\/\/levelupspindles.de\/ueber-uns-3\/#breadcrumb"},"inLanguage":"en-US","potentialAction":[{"@type":"ReadAction","target":["https:\/\/levelupspindles.de\/ueber-uns-3\/"]}]},{"@type":"BreadcrumbList","@id":"https:\/\/levelupspindles.de\/ueber-uns-3\/#breadcrumb","itemListElement":[{"@type":"ListItem","position":1,"name":"Startseite","item":"https:\/\/levelupspindles.de\/de_de\/"},{"@type":"ListItem","position":2,"name":"\u00dcber uns"}]},{"@type":"WebSite","@id":"https:\/\/levelupspindles.de\/de_de\/#website","url":"https:\/\/levelupspindles.de\/de_de\/","name":"levelupspindles","description":"","publisher":{"@id":"https:\/\/levelupspindles.de\/de_de\/#organization"},"potentialAction":[{"@type":"SearchAction","target":{"@type":"EntryPoint","urlTemplate":"https:\/\/levelupspindles.de\/de_de\/?s={search_term_string}"},"query-input":{"@type":"PropertyValueSpecification","valueRequired":true,"valueName":"search_term_string"}}],"inLanguage":"en-US"},{"@type":"Organization","@id":"https:\/\/levelupspindles.de\/de_de\/#organization","name":"levelupspindles","url":"https:\/\/levelupspindles.de\/de_de\/","logo":{"@type":"ImageObject","inLanguage":"en-US","@id":"https:\/\/levelupspindles.de\/de_de\/#\/schema\/logo\/image\/","url":"https:\/\/levelupspindles.de\/wp-content\/uploads\/2025\/05\/LUS-LOGO-1253x600-3.png","contentUrl":"https:\/\/levelupspindles.de\/wp-content\/uploads\/2025\/05\/LUS-LOGO-1253x600-3.png","width":1253,"height":600,"caption":"levelupspindles"},"image":{"@id":"https:\/\/levelupspindles.de\/de_de\/#\/schema\/logo\/image\/"}}]}},"_links":{"self":[{"href":"https:\/\/levelupspindles.de\/en\/wp-json\/wp\/v2\/pages\/186","targetHints":{"allow":["GET"]}}],"collection":[{"href":"https:\/\/levelupspindles.de\/en\/wp-json\/wp\/v2\/pages"}],"about":[{"href":"https:\/\/levelupspindles.de\/en\/wp-json\/wp\/v2\/types\/page"}],"author":[{"embeddable":true,"href":"https:\/\/levelupspindles.de\/en\/wp-json\/wp\/v2\/users\/1"}],"replies":[{"embeddable":true,"href":"https:\/\/levelupspindles.de\/en\/wp-json\/wp\/v2\/comments?post=186"}],"version-history":[{"count":3,"href":"https:\/\/levelupspindles.de\/en\/wp-json\/wp\/v2\/pages\/186\/revisions"}],"predecessor-version":[{"id":588,"href":"https:\/\/levelupspindles.de\/en\/wp-json\/wp\/v2\/pages\/186\/revisions\/588"}],"wp:attachment":[{"href":"https:\/\/levelupspindles.de\/en\/wp-json\/wp\/v2\/media?parent=186"}],"curies":[{"name":"wp","href":"https:\/\/api.w.org\/{rel}","templated":true}]}}