{"id":192,"date":"2025-04-04T09:03:37","date_gmt":"2025-04-04T07:03:37","guid":{"rendered":"https:\/\/levelup4spindles.de\/?page_id=192"},"modified":"2025-04-06T21:11:22","modified_gmt":"2025-04-06T19:11:22","slug":"reparaturservice-ii","status":"publish","type":"page","link":"https:\/\/levelupspindles.de\/en\/reparaturservice-ii\/","title":{"rendered":"Reparaturservice II"},"content":{"rendered":"<h2>Precision Repairs for Drive Technology \u2013 Maximum Operational Reliability<\/h2>\n<p class=\" translation-block\"><strong>Precision repairs for all drive systems:<\/strong>\nWe offer comprehensive and specialized repair services for a broad spectrum of industrial drive systems. Our service includes: electric motors, rotary actuators, servo motors, rotary drives, planetary gearboxes, geared motors, pumps, generators, lifting gears, gearboxes for wind turbines, industrial gearboxes, wind generators, spur and bevel gearboxes, special gearboxes, pump distribution gearboxes, drum drives, vibratory drives, three-phase motors, crane motors, summarized for all types of drive systems<\/p>\n<p class=\" translation-block\"><strong>Minimize production downtime:<\/strong>\nBenefit from our expertise and collaboration with qualified workshops specializing in specific drive systems. We guarantee fast, cost-effective repairs that optimize your plant operating times. As your central point of contact, we coordinate all repair work and ensure smooth processes.<\/p>\n<p class=\" translation-block\"><strong>European quality standards:<\/strong>\nAll repairs are carried out in highly modern workshops within the EU, with a particular focus on Germany \u2013 a leading location for industrial drive technology.<\/p>","protected":false},"excerpt":{"rendered":"<p>Pr\u00e4zisionsreparaturen f\u00fcr Antriebstechnik \u2013 Maximale Betriebssicherheit Pr\u00e4zisionsreparaturen f\u00fcr alle Antriebssysteme: Wir bieten umfassende und spezialisierte Reparaturdienstleistungen f\u00fcr ein breites Spektrum industrieller Antriebssysteme. Unser Service umfasst: Elektromotoren, Schwenkantriebe, Servomotoren, Drehantriebe, Planetengetriebe, Getriebemotoren, Pumpen, Generatoren, Hubgetriebe, Getriebe f\u00fcr Windturbinen, Industriegetriebe, Windgeneratoren, Stirnrad- und Kegelstirnradgetriebe, Sondergetriebe, Pumpenverteilergetriebe, Trommelantriebe, R\u00fcttelantriebe, Drehstrommotoren, Kranmotoren und vieles mehr. Minimieren Sie Produktionsausf\u00e4lle: Profitieren [&hellip;]<\/p>","protected":false},"author":1,"featured_media":0,"parent":0,"menu_order":0,"comment_status":"closed","ping_status":"closed","template":"","meta":{"footnotes":""},"class_list":["post-192","page","type-page","status-publish","hentry"],"yoast_head":"<!-- This site is optimized with the Yoast SEO plugin v25.0 - https:\/\/yoast.com\/wordpress\/plugins\/seo\/ -->\n<title>Reparaturservice II - levelupspindles<\/title>\n<meta name=\"robots\" content=\"index, follow, max-snippet:-1, max-image-preview:large, max-video-preview:-1\" \/>\n<link rel=\"canonical\" href=\"https:\/\/levelupspindles.de\/en\/reparaturservice-ii\/\" \/>\n<meta property=\"og:locale\" content=\"en_US\" \/>\n<meta property=\"og:type\" content=\"article\" \/>\n<meta property=\"og:title\" content=\"Reparaturservice II - levelupspindles\" \/>\n<meta property=\"og:description\" content=\"Pr\u00e4zisionsreparaturen f\u00fcr Antriebstechnik \u2013 Maximale Betriebssicherheit Pr\u00e4zisionsreparaturen f\u00fcr alle Antriebssysteme: Wir bieten umfassende und spezialisierte Reparaturdienstleistungen f\u00fcr ein breites Spektrum industrieller Antriebssysteme. Unser Service umfasst: Elektromotoren, Schwenkantriebe, Servomotoren, Drehantriebe, Planetengetriebe, Getriebemotoren, Pumpen, Generatoren, Hubgetriebe, Getriebe f\u00fcr Windturbinen, Industriegetriebe, Windgeneratoren, Stirnrad- und Kegelstirnradgetriebe, Sondergetriebe, Pumpenverteilergetriebe, Trommelantriebe, R\u00fcttelantriebe, Drehstrommotoren, Kranmotoren und vieles mehr. Minimieren Sie Produktionsausf\u00e4lle: Profitieren [&hellip;]\" \/>\n<meta property=\"og:url\" content=\"https:\/\/levelupspindles.de\/en\/reparaturservice-ii\/\" \/>\n<meta property=\"og:site_name\" content=\"levelupspindles\" \/>\n<meta property=\"article:modified_time\" content=\"2025-04-06T19:11:22+00:00\" \/>\n<meta name=\"twitter:card\" content=\"summary_large_image\" \/>\n<meta name=\"twitter:label1\" content=\"Est. reading time\" \/>\n\t<meta name=\"twitter:data1\" content=\"1 minute\" \/>\n<script type=\"application\/ld+json\" class=\"yoast-schema-graph\">{\"@context\":\"https:\/\/schema.org\",\"@graph\":[{\"@type\":\"WebPage\",\"@id\":\"https:\/\/levelupspindles.de\/reparaturservice-ii\/\",\"url\":\"https:\/\/levelupspindles.de\/reparaturservice-ii\/\",\"name\":\"Reparaturservice II - levelupspindles\",\"isPartOf\":{\"@id\":\"https:\/\/levelupspindles.de\/de_de\/#website\"},\"datePublished\":\"2025-04-04T07:03:37+00:00\",\"dateModified\":\"2025-04-06T19:11:22+00:00\",\"breadcrumb\":{\"@id\":\"https:\/\/levelupspindles.de\/reparaturservice-ii\/#breadcrumb\"},\"inLanguage\":\"en-US\",\"potentialAction\":[{\"@type\":\"ReadAction\",\"target\":[\"https:\/\/levelupspindles.de\/reparaturservice-ii\/\"]}]},{\"@type\":\"BreadcrumbList\",\"@id\":\"https:\/\/levelupspindles.de\/reparaturservice-ii\/#breadcrumb\",\"itemListElement\":[{\"@type\":\"ListItem\",\"position\":1,\"name\":\"Startseite\",\"item\":\"https:\/\/levelupspindles.de\/de_de\/\"},{\"@type\":\"ListItem\",\"position\":2,\"name\":\"Reparaturservice II\"}]},{\"@type\":\"WebSite\",\"@id\":\"https:\/\/levelupspindles.de\/de_de\/#website\",\"url\":\"https:\/\/levelupspindles.de\/de_de\/\",\"name\":\"levelupspindles\",\"description\":\"\",\"publisher\":{\"@id\":\"https:\/\/levelupspindles.de\/de_de\/#organization\"},\"potentialAction\":[{\"@type\":\"SearchAction\",\"target\":{\"@type\":\"EntryPoint\",\"urlTemplate\":\"https:\/\/levelupspindles.de\/de_de\/?s={search_term_string}\"},\"query-input\":{\"@type\":\"PropertyValueSpecification\",\"valueRequired\":true,\"valueName\":\"search_term_string\"}}],\"inLanguage\":\"en-US\"},{\"@type\":\"Organization\",\"@id\":\"https:\/\/levelupspindles.de\/de_de\/#organization\",\"name\":\"levelupspindles\",\"url\":\"https:\/\/levelupspindles.de\/de_de\/\",\"logo\":{\"@type\":\"ImageObject\",\"inLanguage\":\"en-US\",\"@id\":\"https:\/\/levelupspindles.de\/de_de\/#\/schema\/logo\/image\/\",\"url\":\"https:\/\/levelupspindles.de\/wp-content\/uploads\/2025\/05\/LUS-LOGO-1253x600-3.png\",\"contentUrl\":\"https:\/\/levelupspindles.de\/wp-content\/uploads\/2025\/05\/LUS-LOGO-1253x600-3.png\",\"width\":1253,\"height\":600,\"caption\":\"levelupspindles\"},\"image\":{\"@id\":\"https:\/\/levelupspindles.de\/de_de\/#\/schema\/logo\/image\/\"}}]}<\/script>\n<!-- \/ Yoast SEO plugin. -->","yoast_head_json":{"title":"Reparaturservice II - levelupspindles","robots":{"index":"index","follow":"follow","max-snippet":"max-snippet:-1","max-image-preview":"max-image-preview:large","max-video-preview":"max-video-preview:-1"},"canonical":"https:\/\/levelupspindles.de\/en\/reparaturservice-ii\/","og_locale":"en_US","og_type":"article","og_title":"Reparaturservice II - levelupspindles","og_description":"Pr\u00e4zisionsreparaturen f\u00fcr Antriebstechnik \u2013 Maximale Betriebssicherheit Pr\u00e4zisionsreparaturen f\u00fcr alle Antriebssysteme: Wir bieten umfassende und spezialisierte Reparaturdienstleistungen f\u00fcr ein breites Spektrum industrieller Antriebssysteme. Unser Service umfasst: Elektromotoren, Schwenkantriebe, Servomotoren, Drehantriebe, Planetengetriebe, Getriebemotoren, Pumpen, Generatoren, Hubgetriebe, Getriebe f\u00fcr Windturbinen, Industriegetriebe, Windgeneratoren, Stirnrad- und Kegelstirnradgetriebe, Sondergetriebe, Pumpenverteilergetriebe, Trommelantriebe, R\u00fcttelantriebe, Drehstrommotoren, Kranmotoren und vieles mehr. Minimieren Sie Produktionsausf\u00e4lle: Profitieren [&hellip;]","og_url":"https:\/\/levelupspindles.de\/en\/reparaturservice-ii\/","og_site_name":"levelupspindles","article_modified_time":"2025-04-06T19:11:22+00:00","twitter_card":"summary_large_image","twitter_misc":{"Est. reading time":"1 minute"},"schema":{"@context":"https:\/\/schema.org","@graph":[{"@type":"WebPage","@id":"https:\/\/levelupspindles.de\/reparaturservice-ii\/","url":"https:\/\/levelupspindles.de\/reparaturservice-ii\/","name":"Reparaturservice II - levelupspindles","isPartOf":{"@id":"https:\/\/levelupspindles.de\/de_de\/#website"},"datePublished":"2025-04-04T07:03:37+00:00","dateModified":"2025-04-06T19:11:22+00:00","breadcrumb":{"@id":"https:\/\/levelupspindles.de\/reparaturservice-ii\/#breadcrumb"},"inLanguage":"en-US","potentialAction":[{"@type":"ReadAction","target":["https:\/\/levelupspindles.de\/reparaturservice-ii\/"]}]},{"@type":"BreadcrumbList","@id":"https:\/\/levelupspindles.de\/reparaturservice-ii\/#breadcrumb","itemListElement":[{"@type":"ListItem","position":1,"name":"Startseite","item":"https:\/\/levelupspindles.de\/de_de\/"},{"@type":"ListItem","position":2,"name":"Reparaturservice II"}]},{"@type":"WebSite","@id":"https:\/\/levelupspindles.de\/de_de\/#website","url":"https:\/\/levelupspindles.de\/de_de\/","name":"levelupspindles","description":"","publisher":{"@id":"https:\/\/levelupspindles.de\/de_de\/#organization"},"potentialAction":[{"@type":"SearchAction","target":{"@type":"EntryPoint","urlTemplate":"https:\/\/levelupspindles.de\/de_de\/?s={search_term_string}"},"query-input":{"@type":"PropertyValueSpecification","valueRequired":true,"valueName":"search_term_string"}}],"inLanguage":"en-US"},{"@type":"Organization","@id":"https:\/\/levelupspindles.de\/de_de\/#organization","name":"levelupspindles","url":"https:\/\/levelupspindles.de\/de_de\/","logo":{"@type":"ImageObject","inLanguage":"en-US","@id":"https:\/\/levelupspindles.de\/de_de\/#\/schema\/logo\/image\/","url":"https:\/\/levelupspindles.de\/wp-content\/uploads\/2025\/05\/LUS-LOGO-1253x600-3.png","contentUrl":"https:\/\/levelupspindles.de\/wp-content\/uploads\/2025\/05\/LUS-LOGO-1253x600-3.png","width":1253,"height":600,"caption":"levelupspindles"},"image":{"@id":"https:\/\/levelupspindles.de\/de_de\/#\/schema\/logo\/image\/"}}]}},"_links":{"self":[{"href":"https:\/\/levelupspindles.de\/en\/wp-json\/wp\/v2\/pages\/192","targetHints":{"allow":["GET"]}}],"collection":[{"href":"https:\/\/levelupspindles.de\/en\/wp-json\/wp\/v2\/pages"}],"about":[{"href":"https:\/\/levelupspindles.de\/en\/wp-json\/wp\/v2\/types\/page"}],"author":[{"embeddable":true,"href":"https:\/\/levelupspindles.de\/en\/wp-json\/wp\/v2\/users\/1"}],"replies":[{"embeddable":true,"href":"https:\/\/levelupspindles.de\/en\/wp-json\/wp\/v2\/comments?post=192"}],"version-history":[{"count":2,"href":"https:\/\/levelupspindles.de\/en\/wp-json\/wp\/v2\/pages\/192\/revisions"}],"predecessor-version":[{"id":218,"href":"https:\/\/levelupspindles.de\/en\/wp-json\/wp\/v2\/pages\/192\/revisions\/218"}],"wp:attachment":[{"href":"https:\/\/levelupspindles.de\/en\/wp-json\/wp\/v2\/media?parent=192"}],"curies":[{"name":"wp","href":"https:\/\/api.w.org\/{rel}","templated":true}]}}