{"id":200,"date":"2025-04-04T09:04:22","date_gmt":"2025-04-04T07:04:22","guid":{"rendered":"https:\/\/levelup4spindles.de\/?page_id=200"},"modified":"2025-04-06T21:15:32","modified_gmt":"2025-04-06T19:15:32","slug":"zubehoer-ersatzteile","status":"publish","type":"page","link":"https:\/\/levelupspindles.de\/en\/zubehoer-ersatzteile\/","title":{"rendered":"Zubeh\u00f6r &#038; Ersatzteile"},"content":{"rendered":"<h2>Accessories and Spare Parts for Drive Technology<\/h2>\n<p>We support you in procuring accessories and spare parts for a variety of drive systems, such as motor spindles, motors, and gearboxes. Additionally, we offer assistance in selecting the optimal components for your specific requirements. Thanks to our comprehensive supplier network, we can offer you high-quality products at fair prices and ensure that you receive exactly what you need for your application.<\/p>","protected":false},"excerpt":{"rendered":"<p>Zubeh\u00f6r und Ersatzteile f\u00fcr Antriebstechnik Wir unterst\u00fctzen Sie bei der Beschaffung von Zubeh\u00f6r und Ersatzteilen f\u00fcr eine Vielzahl von Antriebssystemen, wie Motorspindeln, Motoren und Getriebe. Zus\u00e4tzlich bieten wir Ihnen Unterst\u00fctzung bei der Auswahl der optimalen Komponenten f\u00fcr Ihre individuellen Anforderungen. Unser umfassendes Lieferantennetzwerk erm\u00f6glicht es uns, Ihnen qualitativ hochwertige Produkte zu fairen Preisen anzubieten und [&hellip;]<\/p>","protected":false},"author":1,"featured_media":0,"parent":0,"menu_order":0,"comment_status":"closed","ping_status":"closed","template":"","meta":{"footnotes":""},"class_list":["post-200","page","type-page","status-publish","hentry"],"yoast_head":"<!-- This site is optimized with the Yoast SEO plugin v25.0 - https:\/\/yoast.com\/wordpress\/plugins\/seo\/ -->\n<title>Zubeh\u00f6r &amp; Ersatzteile - levelupspindles<\/title>\n<meta name=\"robots\" content=\"index, follow, max-snippet:-1, max-image-preview:large, max-video-preview:-1\" \/>\n<link rel=\"canonical\" href=\"https:\/\/levelupspindles.de\/en\/zubehoer-ersatzteile\/\" \/>\n<meta property=\"og:locale\" content=\"en_US\" \/>\n<meta property=\"og:type\" content=\"article\" \/>\n<meta property=\"og:title\" content=\"Zubeh\u00f6r &amp; Ersatzteile - levelupspindles\" \/>\n<meta property=\"og:description\" content=\"Zubeh\u00f6r und Ersatzteile f\u00fcr Antriebstechnik Wir unterst\u00fctzen Sie bei der Beschaffung von Zubeh\u00f6r und Ersatzteilen f\u00fcr eine Vielzahl von Antriebssystemen, wie Motorspindeln, Motoren und Getriebe. Zus\u00e4tzlich bieten wir Ihnen Unterst\u00fctzung bei der Auswahl der optimalen Komponenten f\u00fcr Ihre individuellen Anforderungen. Unser umfassendes Lieferantennetzwerk erm\u00f6glicht es uns, Ihnen qualitativ hochwertige Produkte zu fairen Preisen anzubieten und [&hellip;]\" \/>\n<meta property=\"og:url\" content=\"https:\/\/levelupspindles.de\/en\/zubehoer-ersatzteile\/\" \/>\n<meta property=\"og:site_name\" content=\"levelupspindles\" \/>\n<meta property=\"article:modified_time\" content=\"2025-04-06T19:15:32+00:00\" \/>\n<meta name=\"twitter:card\" content=\"summary_large_image\" \/>\n<meta name=\"twitter:label1\" content=\"Est. reading time\" \/>\n\t<meta name=\"twitter:data1\" content=\"1 minute\" \/>\n<script type=\"application\/ld+json\" class=\"yoast-schema-graph\">{\"@context\":\"https:\/\/schema.org\",\"@graph\":[{\"@type\":\"WebPage\",\"@id\":\"https:\/\/levelupspindles.de\/zubehoer-ersatzteile\/\",\"url\":\"https:\/\/levelupspindles.de\/zubehoer-ersatzteile\/\",\"name\":\"Zubeh\u00f6r & Ersatzteile - levelupspindles\",\"isPartOf\":{\"@id\":\"https:\/\/levelupspindles.de\/de_de\/#website\"},\"datePublished\":\"2025-04-04T07:04:22+00:00\",\"dateModified\":\"2025-04-06T19:15:32+00:00\",\"breadcrumb\":{\"@id\":\"https:\/\/levelupspindles.de\/zubehoer-ersatzteile\/#breadcrumb\"},\"inLanguage\":\"en-US\",\"potentialAction\":[{\"@type\":\"ReadAction\",\"target\":[\"https:\/\/levelupspindles.de\/zubehoer-ersatzteile\/\"]}]},{\"@type\":\"BreadcrumbList\",\"@id\":\"https:\/\/levelupspindles.de\/zubehoer-ersatzteile\/#breadcrumb\",\"itemListElement\":[{\"@type\":\"ListItem\",\"position\":1,\"name\":\"Startseite\",\"item\":\"https:\/\/levelupspindles.de\/de_de\/\"},{\"@type\":\"ListItem\",\"position\":2,\"name\":\"Zubeh\u00f6r &#038; Ersatzteile\"}]},{\"@type\":\"WebSite\",\"@id\":\"https:\/\/levelupspindles.de\/de_de\/#website\",\"url\":\"https:\/\/levelupspindles.de\/de_de\/\",\"name\":\"levelupspindles\",\"description\":\"\",\"publisher\":{\"@id\":\"https:\/\/levelupspindles.de\/de_de\/#organization\"},\"potentialAction\":[{\"@type\":\"SearchAction\",\"target\":{\"@type\":\"EntryPoint\",\"urlTemplate\":\"https:\/\/levelupspindles.de\/de_de\/?s={search_term_string}\"},\"query-input\":{\"@type\":\"PropertyValueSpecification\",\"valueRequired\":true,\"valueName\":\"search_term_string\"}}],\"inLanguage\":\"en-US\"},{\"@type\":\"Organization\",\"@id\":\"https:\/\/levelupspindles.de\/de_de\/#organization\",\"name\":\"levelupspindles\",\"url\":\"https:\/\/levelupspindles.de\/de_de\/\",\"logo\":{\"@type\":\"ImageObject\",\"inLanguage\":\"en-US\",\"@id\":\"https:\/\/levelupspindles.de\/de_de\/#\/schema\/logo\/image\/\",\"url\":\"https:\/\/levelupspindles.de\/wp-content\/uploads\/2025\/05\/LUS-LOGO-1253x600-3.png\",\"contentUrl\":\"https:\/\/levelupspindles.de\/wp-content\/uploads\/2025\/05\/LUS-LOGO-1253x600-3.png\",\"width\":1253,\"height\":600,\"caption\":\"levelupspindles\"},\"image\":{\"@id\":\"https:\/\/levelupspindles.de\/de_de\/#\/schema\/logo\/image\/\"}}]}<\/script>\n<!-- \/ Yoast SEO plugin. -->","yoast_head_json":{"title":"Zubeh\u00f6r & Ersatzteile - levelupspindles","robots":{"index":"index","follow":"follow","max-snippet":"max-snippet:-1","max-image-preview":"max-image-preview:large","max-video-preview":"max-video-preview:-1"},"canonical":"https:\/\/levelupspindles.de\/en\/zubehoer-ersatzteile\/","og_locale":"en_US","og_type":"article","og_title":"Zubeh\u00f6r & Ersatzteile - levelupspindles","og_description":"Zubeh\u00f6r und Ersatzteile f\u00fcr Antriebstechnik Wir unterst\u00fctzen Sie bei der Beschaffung von Zubeh\u00f6r und Ersatzteilen f\u00fcr eine Vielzahl von Antriebssystemen, wie Motorspindeln, Motoren und Getriebe. Zus\u00e4tzlich bieten wir Ihnen Unterst\u00fctzung bei der Auswahl der optimalen Komponenten f\u00fcr Ihre individuellen Anforderungen. Unser umfassendes Lieferantennetzwerk erm\u00f6glicht es uns, Ihnen qualitativ hochwertige Produkte zu fairen Preisen anzubieten und [&hellip;]","og_url":"https:\/\/levelupspindles.de\/en\/zubehoer-ersatzteile\/","og_site_name":"levelupspindles","article_modified_time":"2025-04-06T19:15:32+00:00","twitter_card":"summary_large_image","twitter_misc":{"Est. reading time":"1 minute"},"schema":{"@context":"https:\/\/schema.org","@graph":[{"@type":"WebPage","@id":"https:\/\/levelupspindles.de\/zubehoer-ersatzteile\/","url":"https:\/\/levelupspindles.de\/zubehoer-ersatzteile\/","name":"Zubeh\u00f6r & Ersatzteile - levelupspindles","isPartOf":{"@id":"https:\/\/levelupspindles.de\/de_de\/#website"},"datePublished":"2025-04-04T07:04:22+00:00","dateModified":"2025-04-06T19:15:32+00:00","breadcrumb":{"@id":"https:\/\/levelupspindles.de\/zubehoer-ersatzteile\/#breadcrumb"},"inLanguage":"en-US","potentialAction":[{"@type":"ReadAction","target":["https:\/\/levelupspindles.de\/zubehoer-ersatzteile\/"]}]},{"@type":"BreadcrumbList","@id":"https:\/\/levelupspindles.de\/zubehoer-ersatzteile\/#breadcrumb","itemListElement":[{"@type":"ListItem","position":1,"name":"Startseite","item":"https:\/\/levelupspindles.de\/de_de\/"},{"@type":"ListItem","position":2,"name":"Zubeh\u00f6r &#038; Ersatzteile"}]},{"@type":"WebSite","@id":"https:\/\/levelupspindles.de\/de_de\/#website","url":"https:\/\/levelupspindles.de\/de_de\/","name":"levelupspindles","description":"","publisher":{"@id":"https:\/\/levelupspindles.de\/de_de\/#organization"},"potentialAction":[{"@type":"SearchAction","target":{"@type":"EntryPoint","urlTemplate":"https:\/\/levelupspindles.de\/de_de\/?s={search_term_string}"},"query-input":{"@type":"PropertyValueSpecification","valueRequired":true,"valueName":"search_term_string"}}],"inLanguage":"en-US"},{"@type":"Organization","@id":"https:\/\/levelupspindles.de\/de_de\/#organization","name":"levelupspindles","url":"https:\/\/levelupspindles.de\/de_de\/","logo":{"@type":"ImageObject","inLanguage":"en-US","@id":"https:\/\/levelupspindles.de\/de_de\/#\/schema\/logo\/image\/","url":"https:\/\/levelupspindles.de\/wp-content\/uploads\/2025\/05\/LUS-LOGO-1253x600-3.png","contentUrl":"https:\/\/levelupspindles.de\/wp-content\/uploads\/2025\/05\/LUS-LOGO-1253x600-3.png","width":1253,"height":600,"caption":"levelupspindles"},"image":{"@id":"https:\/\/levelupspindles.de\/de_de\/#\/schema\/logo\/image\/"}}]}},"_links":{"self":[{"href":"https:\/\/levelupspindles.de\/en\/wp-json\/wp\/v2\/pages\/200","targetHints":{"allow":["GET"]}}],"collection":[{"href":"https:\/\/levelupspindles.de\/en\/wp-json\/wp\/v2\/pages"}],"about":[{"href":"https:\/\/levelupspindles.de\/en\/wp-json\/wp\/v2\/types\/page"}],"author":[{"embeddable":true,"href":"https:\/\/levelupspindles.de\/en\/wp-json\/wp\/v2\/users\/1"}],"replies":[{"embeddable":true,"href":"https:\/\/levelupspindles.de\/en\/wp-json\/wp\/v2\/comments?post=200"}],"version-history":[{"count":2,"href":"https:\/\/levelupspindles.de\/en\/wp-json\/wp\/v2\/pages\/200\/revisions"}],"predecessor-version":[{"id":224,"href":"https:\/\/levelupspindles.de\/en\/wp-json\/wp\/v2\/pages\/200\/revisions\/224"}],"wp:attachment":[{"href":"https:\/\/levelupspindles.de\/en\/wp-json\/wp\/v2\/media?parent=200"}],"curies":[{"name":"wp","href":"https:\/\/api.w.org\/{rel}","templated":true}]}}