{"id":202,"date":"2025-04-04T09:04:36","date_gmt":"2025-04-04T07:04:36","guid":{"rendered":"https:\/\/levelup4spindles.de\/?page_id=202"},"modified":"2025-04-06T21:16:10","modified_gmt":"2025-04-06T19:16:10","slug":"service-ein-und-ausbauservice","status":"publish","type":"page","link":"https:\/\/levelupspindles.de\/en\/service-ein-und-ausbauservice\/","title":{"rendered":"Service (Ein- und Ausbauservice)"},"content":{"rendered":"<h2>Europe-wide Installation and Removal Service for Motor Spindles and Drive Systems<\/h2>\n<p>Rely on our Europe-wide expertise in the field of installation and removal of motor spindles and industrial drive systems. Our access to a network of specialized service technicians ensures reliable and professional execution.<br \/>\nWe analyze your needs regarding machine type and location to provide you with the optimal support. This ensures that the service is precise and efficient.<br \/>\nDo not hesitate to contact us if needed. We will check availability as quickly as possible and provide you with suitable appointment suggestions.<\/p>","protected":false},"excerpt":{"rendered":"<p>Europaweiter Aus- und Einbauservice f\u00fcr Motorspindeln und Antriebssysteme Vertrauen Sie auf unsere europaweite Expertise im Bereich Aus- und Einbau von Motorspindeln und industriellen Antriebssystemen. Unser Zugang zu einem Netzwerk spezialisierter Servicetechniker gew\u00e4hrleistet eine zuverl\u00e4ssige und professionelle Ausf\u00fchrung. Wir analysieren Ihren Bedarf hinsichtlich Maschinentyp und Einsatzort, um Ihnen die optimale Unterst\u00fctzung zu bieten. Damit stellen wir [&hellip;]<\/p>","protected":false},"author":1,"featured_media":0,"parent":0,"menu_order":0,"comment_status":"closed","ping_status":"closed","template":"","meta":{"footnotes":""},"class_list":["post-202","page","type-page","status-publish","hentry"],"yoast_head":"<!-- This site is optimized with the Yoast SEO plugin v25.0 - https:\/\/yoast.com\/wordpress\/plugins\/seo\/ -->\n<title>Service (Ein- und Ausbauservice) - levelupspindles<\/title>\n<meta name=\"robots\" content=\"index, follow, max-snippet:-1, max-image-preview:large, max-video-preview:-1\" \/>\n<link rel=\"canonical\" href=\"https:\/\/levelupspindles.de\/en\/service-ein-und-ausbauservice\/\" \/>\n<meta property=\"og:locale\" content=\"en_US\" \/>\n<meta property=\"og:type\" content=\"article\" \/>\n<meta property=\"og:title\" content=\"Service (Ein- und Ausbauservice) - levelupspindles\" \/>\n<meta property=\"og:description\" content=\"Europaweiter Aus- und Einbauservice f\u00fcr Motorspindeln und Antriebssysteme Vertrauen Sie auf unsere europaweite Expertise im Bereich Aus- und Einbau von Motorspindeln und industriellen Antriebssystemen. Unser Zugang zu einem Netzwerk spezialisierter Servicetechniker gew\u00e4hrleistet eine zuverl\u00e4ssige und professionelle Ausf\u00fchrung. Wir analysieren Ihren Bedarf hinsichtlich Maschinentyp und Einsatzort, um Ihnen die optimale Unterst\u00fctzung zu bieten. Damit stellen wir [&hellip;]\" \/>\n<meta property=\"og:url\" content=\"https:\/\/levelupspindles.de\/en\/service-ein-und-ausbauservice\/\" \/>\n<meta property=\"og:site_name\" content=\"levelupspindles\" \/>\n<meta property=\"article:modified_time\" content=\"2025-04-06T19:16:10+00:00\" \/>\n<meta name=\"twitter:card\" content=\"summary_large_image\" \/>\n<meta name=\"twitter:label1\" content=\"Est. reading time\" \/>\n\t<meta name=\"twitter:data1\" content=\"1 minute\" \/>\n<script type=\"application\/ld+json\" class=\"yoast-schema-graph\">{\"@context\":\"https:\/\/schema.org\",\"@graph\":[{\"@type\":\"WebPage\",\"@id\":\"https:\/\/levelupspindles.de\/service-ein-und-ausbauservice\/\",\"url\":\"https:\/\/levelupspindles.de\/service-ein-und-ausbauservice\/\",\"name\":\"Service (Ein- und Ausbauservice) - levelupspindles\",\"isPartOf\":{\"@id\":\"https:\/\/levelupspindles.de\/de_de\/#website\"},\"datePublished\":\"2025-04-04T07:04:36+00:00\",\"dateModified\":\"2025-04-06T19:16:10+00:00\",\"breadcrumb\":{\"@id\":\"https:\/\/levelupspindles.de\/service-ein-und-ausbauservice\/#breadcrumb\"},\"inLanguage\":\"en-US\",\"potentialAction\":[{\"@type\":\"ReadAction\",\"target\":[\"https:\/\/levelupspindles.de\/service-ein-und-ausbauservice\/\"]}]},{\"@type\":\"BreadcrumbList\",\"@id\":\"https:\/\/levelupspindles.de\/service-ein-und-ausbauservice\/#breadcrumb\",\"itemListElement\":[{\"@type\":\"ListItem\",\"position\":1,\"name\":\"Startseite\",\"item\":\"https:\/\/levelupspindles.de\/de_de\/\"},{\"@type\":\"ListItem\",\"position\":2,\"name\":\"Service (Ein- und Ausbauservice)\"}]},{\"@type\":\"WebSite\",\"@id\":\"https:\/\/levelupspindles.de\/de_de\/#website\",\"url\":\"https:\/\/levelupspindles.de\/de_de\/\",\"name\":\"levelupspindles\",\"description\":\"\",\"publisher\":{\"@id\":\"https:\/\/levelupspindles.de\/de_de\/#organization\"},\"potentialAction\":[{\"@type\":\"SearchAction\",\"target\":{\"@type\":\"EntryPoint\",\"urlTemplate\":\"https:\/\/levelupspindles.de\/de_de\/?s={search_term_string}\"},\"query-input\":{\"@type\":\"PropertyValueSpecification\",\"valueRequired\":true,\"valueName\":\"search_term_string\"}}],\"inLanguage\":\"en-US\"},{\"@type\":\"Organization\",\"@id\":\"https:\/\/levelupspindles.de\/de_de\/#organization\",\"name\":\"levelupspindles\",\"url\":\"https:\/\/levelupspindles.de\/de_de\/\",\"logo\":{\"@type\":\"ImageObject\",\"inLanguage\":\"en-US\",\"@id\":\"https:\/\/levelupspindles.de\/de_de\/#\/schema\/logo\/image\/\",\"url\":\"https:\/\/levelupspindles.de\/wp-content\/uploads\/2025\/05\/LUS-LOGO-1253x600-3.png\",\"contentUrl\":\"https:\/\/levelupspindles.de\/wp-content\/uploads\/2025\/05\/LUS-LOGO-1253x600-3.png\",\"width\":1253,\"height\":600,\"caption\":\"levelupspindles\"},\"image\":{\"@id\":\"https:\/\/levelupspindles.de\/de_de\/#\/schema\/logo\/image\/\"}}]}<\/script>\n<!-- \/ Yoast SEO plugin. -->","yoast_head_json":{"title":"Service (Ein- und Ausbauservice) - levelupspindles","robots":{"index":"index","follow":"follow","max-snippet":"max-snippet:-1","max-image-preview":"max-image-preview:large","max-video-preview":"max-video-preview:-1"},"canonical":"https:\/\/levelupspindles.de\/en\/service-ein-und-ausbauservice\/","og_locale":"en_US","og_type":"article","og_title":"Service (Ein- und Ausbauservice) - levelupspindles","og_description":"Europaweiter Aus- und Einbauservice f\u00fcr Motorspindeln und Antriebssysteme Vertrauen Sie auf unsere europaweite Expertise im Bereich Aus- und Einbau von Motorspindeln und industriellen Antriebssystemen. Unser Zugang zu einem Netzwerk spezialisierter Servicetechniker gew\u00e4hrleistet eine zuverl\u00e4ssige und professionelle Ausf\u00fchrung. Wir analysieren Ihren Bedarf hinsichtlich Maschinentyp und Einsatzort, um Ihnen die optimale Unterst\u00fctzung zu bieten. Damit stellen wir [&hellip;]","og_url":"https:\/\/levelupspindles.de\/en\/service-ein-und-ausbauservice\/","og_site_name":"levelupspindles","article_modified_time":"2025-04-06T19:16:10+00:00","twitter_card":"summary_large_image","twitter_misc":{"Est. reading time":"1 minute"},"schema":{"@context":"https:\/\/schema.org","@graph":[{"@type":"WebPage","@id":"https:\/\/levelupspindles.de\/service-ein-und-ausbauservice\/","url":"https:\/\/levelupspindles.de\/service-ein-und-ausbauservice\/","name":"Service (Ein- und Ausbauservice) - levelupspindles","isPartOf":{"@id":"https:\/\/levelupspindles.de\/de_de\/#website"},"datePublished":"2025-04-04T07:04:36+00:00","dateModified":"2025-04-06T19:16:10+00:00","breadcrumb":{"@id":"https:\/\/levelupspindles.de\/service-ein-und-ausbauservice\/#breadcrumb"},"inLanguage":"en-US","potentialAction":[{"@type":"ReadAction","target":["https:\/\/levelupspindles.de\/service-ein-und-ausbauservice\/"]}]},{"@type":"BreadcrumbList","@id":"https:\/\/levelupspindles.de\/service-ein-und-ausbauservice\/#breadcrumb","itemListElement":[{"@type":"ListItem","position":1,"name":"Startseite","item":"https:\/\/levelupspindles.de\/de_de\/"},{"@type":"ListItem","position":2,"name":"Service (Ein- und Ausbauservice)"}]},{"@type":"WebSite","@id":"https:\/\/levelupspindles.de\/de_de\/#website","url":"https:\/\/levelupspindles.de\/de_de\/","name":"levelupspindles","description":"","publisher":{"@id":"https:\/\/levelupspindles.de\/de_de\/#organization"},"potentialAction":[{"@type":"SearchAction","target":{"@type":"EntryPoint","urlTemplate":"https:\/\/levelupspindles.de\/de_de\/?s={search_term_string}"},"query-input":{"@type":"PropertyValueSpecification","valueRequired":true,"valueName":"search_term_string"}}],"inLanguage":"en-US"},{"@type":"Organization","@id":"https:\/\/levelupspindles.de\/de_de\/#organization","name":"levelupspindles","url":"https:\/\/levelupspindles.de\/de_de\/","logo":{"@type":"ImageObject","inLanguage":"en-US","@id":"https:\/\/levelupspindles.de\/de_de\/#\/schema\/logo\/image\/","url":"https:\/\/levelupspindles.de\/wp-content\/uploads\/2025\/05\/LUS-LOGO-1253x600-3.png","contentUrl":"https:\/\/levelupspindles.de\/wp-content\/uploads\/2025\/05\/LUS-LOGO-1253x600-3.png","width":1253,"height":600,"caption":"levelupspindles"},"image":{"@id":"https:\/\/levelupspindles.de\/de_de\/#\/schema\/logo\/image\/"}}]}},"_links":{"self":[{"href":"https:\/\/levelupspindles.de\/en\/wp-json\/wp\/v2\/pages\/202","targetHints":{"allow":["GET"]}}],"collection":[{"href":"https:\/\/levelupspindles.de\/en\/wp-json\/wp\/v2\/pages"}],"about":[{"href":"https:\/\/levelupspindles.de\/en\/wp-json\/wp\/v2\/types\/page"}],"author":[{"embeddable":true,"href":"https:\/\/levelupspindles.de\/en\/wp-json\/wp\/v2\/users\/1"}],"replies":[{"embeddable":true,"href":"https:\/\/levelupspindles.de\/en\/wp-json\/wp\/v2\/comments?post=202"}],"version-history":[{"count":2,"href":"https:\/\/levelupspindles.de\/en\/wp-json\/wp\/v2\/pages\/202\/revisions"}],"predecessor-version":[{"id":225,"href":"https:\/\/levelupspindles.de\/en\/wp-json\/wp\/v2\/pages\/202\/revisions\/225"}],"wp:attachment":[{"href":"https:\/\/levelupspindles.de\/en\/wp-json\/wp\/v2\/media?parent=202"}],"curies":[{"name":"wp","href":"https:\/\/api.w.org\/{rel}","templated":true}]}}