{"id":208,"date":"2025-04-04T09:05:14","date_gmt":"2025-04-04T07:05:14","guid":{"rendered":"https:\/\/levelup4spindles.de\/?page_id=208"},"modified":"2025-04-06T21:47:15","modified_gmt":"2025-04-06T19:47:15","slug":"ankauf","status":"publish","type":"page","link":"https:\/\/levelupspindles.de\/en\/ankauf\/","title":{"rendered":"We Buy"},"content":{"rendered":"<h2>Purchase of Motor Spindles, Motors, and Machines \u2013 Your Partner for a Sustainable Solution<\/h2>\n<p>Are you planning to modernize your production, have phased out machines, or want to optimize your storage space? Then you've come to the right place!<br \/>\nWe offer you a fair and straightforward purchase of your no longer needed motor spindles, motors, and machines. In this way, you not only enable an economic relief for your company but also make a valuable contribution to sustainability. Through the professional reuse of the equipment, valuable resources are conserved, and the need for new components is reduced.<\/p>\n<p>After a simple initial contact, we provide a professional assessment of the purchase option and submit an attractive offer to you. Benefit from an efficient increase in liquidity and simultaneously create space for new investments.<\/p>","protected":false},"excerpt":{"rendered":"<p>Ankauf von Motorspindeln, Motoren und Maschinen \u2013 Ihr Partner f\u00fcr eine nachhaltige L\u00f6sung Sie planen eine Modernisierung Ihrer Produktion, haben Maschinen ausgemustert oder m\u00f6chten Ihre Lagerfl\u00e4chen optimieren? Dann sind Sie bei uns richtig! Wir bieten Ihnen einen fairen und unkomplizierten Ankauf Ihrer nicht mehr ben\u00f6tigten Motorspindeln, Motoren und Maschinen. So erm\u00f6glichen Sie nicht nur eine [&hellip;]<\/p>","protected":false},"author":1,"featured_media":0,"parent":0,"menu_order":0,"comment_status":"closed","ping_status":"closed","template":"","meta":{"footnotes":""},"class_list":["post-208","page","type-page","status-publish","hentry"],"yoast_head":"<!-- This site is optimized with the Yoast SEO plugin v25.0 - https:\/\/yoast.com\/wordpress\/plugins\/seo\/ -->\n<title>Ankauf - levelupspindles<\/title>\n<meta name=\"robots\" content=\"index, follow, max-snippet:-1, max-image-preview:large, max-video-preview:-1\" \/>\n<link rel=\"canonical\" href=\"https:\/\/levelupspindles.de\/en\/ankauf\/\" \/>\n<meta property=\"og:locale\" content=\"en_US\" \/>\n<meta property=\"og:type\" content=\"article\" \/>\n<meta property=\"og:title\" content=\"Ankauf - levelupspindles\" \/>\n<meta property=\"og:description\" content=\"Ankauf von Motorspindeln, Motoren und Maschinen \u2013 Ihr Partner f\u00fcr eine nachhaltige L\u00f6sung Sie planen eine Modernisierung Ihrer Produktion, haben Maschinen ausgemustert oder m\u00f6chten Ihre Lagerfl\u00e4chen optimieren? Dann sind Sie bei uns richtig! Wir bieten Ihnen einen fairen und unkomplizierten Ankauf Ihrer nicht mehr ben\u00f6tigten Motorspindeln, Motoren und Maschinen. So erm\u00f6glichen Sie nicht nur eine [&hellip;]\" \/>\n<meta property=\"og:url\" content=\"https:\/\/levelupspindles.de\/en\/ankauf\/\" \/>\n<meta property=\"og:site_name\" content=\"levelupspindles\" \/>\n<meta property=\"article:modified_time\" content=\"2025-04-06T19:47:15+00:00\" \/>\n<meta name=\"twitter:card\" content=\"summary_large_image\" \/>\n<meta name=\"twitter:label1\" content=\"Est. reading time\" \/>\n\t<meta name=\"twitter:data1\" content=\"1 minute\" \/>\n<script type=\"application\/ld+json\" class=\"yoast-schema-graph\">{\"@context\":\"https:\/\/schema.org\",\"@graph\":[{\"@type\":\"WebPage\",\"@id\":\"https:\/\/levelupspindles.de\/ankauf\/\",\"url\":\"https:\/\/levelupspindles.de\/ankauf\/\",\"name\":\"Ankauf - levelupspindles\",\"isPartOf\":{\"@id\":\"https:\/\/levelupspindles.de\/de_de\/#website\"},\"datePublished\":\"2025-04-04T07:05:14+00:00\",\"dateModified\":\"2025-04-06T19:47:15+00:00\",\"breadcrumb\":{\"@id\":\"https:\/\/levelupspindles.de\/ankauf\/#breadcrumb\"},\"inLanguage\":\"en-US\",\"potentialAction\":[{\"@type\":\"ReadAction\",\"target\":[\"https:\/\/levelupspindles.de\/ankauf\/\"]}]},{\"@type\":\"BreadcrumbList\",\"@id\":\"https:\/\/levelupspindles.de\/ankauf\/#breadcrumb\",\"itemListElement\":[{\"@type\":\"ListItem\",\"position\":1,\"name\":\"Startseite\",\"item\":\"https:\/\/levelupspindles.de\/de_de\/\"},{\"@type\":\"ListItem\",\"position\":2,\"name\":\"Ankauf\"}]},{\"@type\":\"WebSite\",\"@id\":\"https:\/\/levelupspindles.de\/de_de\/#website\",\"url\":\"https:\/\/levelupspindles.de\/de_de\/\",\"name\":\"levelupspindles\",\"description\":\"\",\"publisher\":{\"@id\":\"https:\/\/levelupspindles.de\/de_de\/#organization\"},\"potentialAction\":[{\"@type\":\"SearchAction\",\"target\":{\"@type\":\"EntryPoint\",\"urlTemplate\":\"https:\/\/levelupspindles.de\/de_de\/?s={search_term_string}\"},\"query-input\":{\"@type\":\"PropertyValueSpecification\",\"valueRequired\":true,\"valueName\":\"search_term_string\"}}],\"inLanguage\":\"en-US\"},{\"@type\":\"Organization\",\"@id\":\"https:\/\/levelupspindles.de\/de_de\/#organization\",\"name\":\"levelupspindles\",\"url\":\"https:\/\/levelupspindles.de\/de_de\/\",\"logo\":{\"@type\":\"ImageObject\",\"inLanguage\":\"en-US\",\"@id\":\"https:\/\/levelupspindles.de\/de_de\/#\/schema\/logo\/image\/\",\"url\":\"https:\/\/levelupspindles.de\/wp-content\/uploads\/2025\/05\/LUS-LOGO-1253x600-3.png\",\"contentUrl\":\"https:\/\/levelupspindles.de\/wp-content\/uploads\/2025\/05\/LUS-LOGO-1253x600-3.png\",\"width\":1253,\"height\":600,\"caption\":\"levelupspindles\"},\"image\":{\"@id\":\"https:\/\/levelupspindles.de\/de_de\/#\/schema\/logo\/image\/\"}}]}<\/script>\n<!-- \/ Yoast SEO plugin. -->","yoast_head_json":{"title":"Ankauf - levelupspindles","robots":{"index":"index","follow":"follow","max-snippet":"max-snippet:-1","max-image-preview":"max-image-preview:large","max-video-preview":"max-video-preview:-1"},"canonical":"https:\/\/levelupspindles.de\/en\/ankauf\/","og_locale":"en_US","og_type":"article","og_title":"Ankauf - levelupspindles","og_description":"Ankauf von Motorspindeln, Motoren und Maschinen \u2013 Ihr Partner f\u00fcr eine nachhaltige L\u00f6sung Sie planen eine Modernisierung Ihrer Produktion, haben Maschinen ausgemustert oder m\u00f6chten Ihre Lagerfl\u00e4chen optimieren? Dann sind Sie bei uns richtig! Wir bieten Ihnen einen fairen und unkomplizierten Ankauf Ihrer nicht mehr ben\u00f6tigten Motorspindeln, Motoren und Maschinen. So erm\u00f6glichen Sie nicht nur eine [&hellip;]","og_url":"https:\/\/levelupspindles.de\/en\/ankauf\/","og_site_name":"levelupspindles","article_modified_time":"2025-04-06T19:47:15+00:00","twitter_card":"summary_large_image","twitter_misc":{"Est. reading time":"1 minute"},"schema":{"@context":"https:\/\/schema.org","@graph":[{"@type":"WebPage","@id":"https:\/\/levelupspindles.de\/ankauf\/","url":"https:\/\/levelupspindles.de\/ankauf\/","name":"Ankauf - levelupspindles","isPartOf":{"@id":"https:\/\/levelupspindles.de\/de_de\/#website"},"datePublished":"2025-04-04T07:05:14+00:00","dateModified":"2025-04-06T19:47:15+00:00","breadcrumb":{"@id":"https:\/\/levelupspindles.de\/ankauf\/#breadcrumb"},"inLanguage":"en-US","potentialAction":[{"@type":"ReadAction","target":["https:\/\/levelupspindles.de\/ankauf\/"]}]},{"@type":"BreadcrumbList","@id":"https:\/\/levelupspindles.de\/ankauf\/#breadcrumb","itemListElement":[{"@type":"ListItem","position":1,"name":"Startseite","item":"https:\/\/levelupspindles.de\/de_de\/"},{"@type":"ListItem","position":2,"name":"Ankauf"}]},{"@type":"WebSite","@id":"https:\/\/levelupspindles.de\/de_de\/#website","url":"https:\/\/levelupspindles.de\/de_de\/","name":"levelupspindles","description":"","publisher":{"@id":"https:\/\/levelupspindles.de\/de_de\/#organization"},"potentialAction":[{"@type":"SearchAction","target":{"@type":"EntryPoint","urlTemplate":"https:\/\/levelupspindles.de\/de_de\/?s={search_term_string}"},"query-input":{"@type":"PropertyValueSpecification","valueRequired":true,"valueName":"search_term_string"}}],"inLanguage":"en-US"},{"@type":"Organization","@id":"https:\/\/levelupspindles.de\/de_de\/#organization","name":"levelupspindles","url":"https:\/\/levelupspindles.de\/de_de\/","logo":{"@type":"ImageObject","inLanguage":"en-US","@id":"https:\/\/levelupspindles.de\/de_de\/#\/schema\/logo\/image\/","url":"https:\/\/levelupspindles.de\/wp-content\/uploads\/2025\/05\/LUS-LOGO-1253x600-3.png","contentUrl":"https:\/\/levelupspindles.de\/wp-content\/uploads\/2025\/05\/LUS-LOGO-1253x600-3.png","width":1253,"height":600,"caption":"levelupspindles"},"image":{"@id":"https:\/\/levelupspindles.de\/de_de\/#\/schema\/logo\/image\/"}}]}},"_links":{"self":[{"href":"https:\/\/levelupspindles.de\/en\/wp-json\/wp\/v2\/pages\/208","targetHints":{"allow":["GET"]}}],"collection":[{"href":"https:\/\/levelupspindles.de\/en\/wp-json\/wp\/v2\/pages"}],"about":[{"href":"https:\/\/levelupspindles.de\/en\/wp-json\/wp\/v2\/types\/page"}],"author":[{"embeddable":true,"href":"https:\/\/levelupspindles.de\/en\/wp-json\/wp\/v2\/users\/1"}],"replies":[{"embeddable":true,"href":"https:\/\/levelupspindles.de\/en\/wp-json\/wp\/v2\/comments?post=208"}],"version-history":[{"count":4,"href":"https:\/\/levelupspindles.de\/en\/wp-json\/wp\/v2\/pages\/208\/revisions"}],"predecessor-version":[{"id":244,"href":"https:\/\/levelupspindles.de\/en\/wp-json\/wp\/v2\/pages\/208\/revisions\/244"}],"wp:attachment":[{"href":"https:\/\/levelupspindles.de\/en\/wp-json\/wp\/v2\/media?parent=208"}],"curies":[{"name":"wp","href":"https:\/\/api.w.org\/{rel}","templated":true}]}}