{"id":55,"date":"2025-01-27T11:37:14","date_gmt":"2025-01-27T10:37:14","guid":{"rendered":"https:\/\/levelup4spindles.de\/?page_id=55"},"modified":"2025-05-08T00:41:57","modified_gmt":"2025-05-07T22:41:57","slug":"impressum","status":"publish","type":"page","link":"https:\/\/levelupspindles.de\/en\/impressum\/","title":{"rendered":"Imprint"},"content":{"rendered":"<div class=\"wpb_text_column wpb_content_element\">\n<div class=\"wpb_wrapper\">\n<p><strong>LevelupSpindles<\/strong><\/p>\n<p>Neumarkt 10 (Homeoffice \u2013 Delivery address)<br \/>\n32105 Bad Salzuflen<br \/>\nGERMANY<\/p>\n<p>Owner:<br \/>\nSerafettin \u00d6zbayram<\/p>\n<p><strong>Contact:<\/strong><br \/>\nPhone: +49 5222 2888032<br \/>\nMobile: +49 151 70102969<br \/>\nWhatsApp: +49 151 70102969<br \/>\nEmail: <a href=\"mailto:service@levelupspindles.de\">service@levelupspindles.de<\/a><\/p>\n<p>VAT ID:<br \/>\nDE 368842882<\/p>\n<p>Responsible Local Court:<br \/>\nLemgo<\/p>\n<p>Website implementation:<br \/>\n<a href=\"https:\/\/langlucky.com\/\" target=\"_blank\" rel=\"noopener\">LANGLUCKY<\/a><\/p>\n<\/div>\n<\/div>\n<div class=\"wpb_text_column wpb_content_element\">\n<div class=\"wpb_wrapper\">\n<div class=\"woocommerce woocommerce-gzd woocommerce-gzd-complaints-shortcode\">\n<h3>Alternative dispute resolution pursuant to Art. 14 (1) ODR-VO and Section 36 VSBG:<\/h3>\n<p class=\" translation-block\">The European Commission provides a platform for online dispute resolution (ODR), which you can find at <a href=\"https:\/\/ec.europa.eu\/consumers\/odr\" target=\"_blank\" rel=\"noopener\">https:\/\/ec.europa.eu\/consumers\/odr<\/a>. We are neither obligated nor willing to participate in dispute resolution proceedings before a consumer arbitration board.<\/p>\n<\/div>\n<\/div>\n<\/div>","protected":false},"excerpt":{"rendered":"<p>LevelupSpindles Neumarkt 10 (Homeoffice &#8211; Anlieferungsadresse) 32105 Bad Salzuflen DEUTSCHLAND Inhaber: Serafettin \u00d6zbayram Kontakt: Telefon: +49 5222 2888032 Mobil: +49 151 70102969 WhatsApp: +49 151 70102969 E-Mail: service@levelupspindles.de Umsatzsteuer-ID: DE 368842882 Zust\u00e4ndiges Amtsgericht: Lemgo Website Umsetzung: LANGLUCKY Alternative Streitbeilegung gem\u00e4\u00df Art. 14 Abs. 1 ODR-VO und \u00a7 36 VSBG: Die Europ\u00e4ische Kommission stellt eine Plattform [&hellip;]<\/p>","protected":false},"author":1,"featured_media":0,"parent":0,"menu_order":0,"comment_status":"closed","ping_status":"closed","template":"","meta":{"footnotes":""},"class_list":["post-55","page","type-page","status-publish","hentry"],"yoast_head":"<!-- This site is optimized with the Yoast SEO plugin v25.0 - https:\/\/yoast.com\/wordpress\/plugins\/seo\/ -->\n<title>Impressum - levelupspindles<\/title>\n<meta name=\"robots\" content=\"index, follow, max-snippet:-1, max-image-preview:large, max-video-preview:-1\" \/>\n<link rel=\"canonical\" href=\"https:\/\/levelupspindles.de\/en\/impressum\/\" \/>\n<meta property=\"og:locale\" content=\"en_US\" \/>\n<meta property=\"og:type\" content=\"article\" \/>\n<meta property=\"og:title\" content=\"Impressum - levelupspindles\" \/>\n<meta property=\"og:description\" content=\"LevelupSpindles Neumarkt 10 (Homeoffice &#8211; Anlieferungsadresse) 32105 Bad Salzuflen DEUTSCHLAND Inhaber: Serafettin \u00d6zbayram Kontakt: Telefon: +49 5222 2888032 Mobil: +49 151 70102969 WhatsApp: +49 151 70102969 E-Mail: service@levelupspindles.de Umsatzsteuer-ID: DE 368842882 Zust\u00e4ndiges Amtsgericht: Lemgo Website Umsetzung: LANGLUCKY Alternative Streitbeilegung gem\u00e4\u00df Art. 14 Abs. 1 ODR-VO und \u00a7 36 VSBG: Die Europ\u00e4ische Kommission stellt eine Plattform [&hellip;]\" \/>\n<meta property=\"og:url\" content=\"https:\/\/levelupspindles.de\/en\/impressum\/\" \/>\n<meta property=\"og:site_name\" content=\"levelupspindles\" \/>\n<meta property=\"article:modified_time\" content=\"2025-05-07T22:41:57+00:00\" \/>\n<meta name=\"twitter:card\" content=\"summary_large_image\" \/>\n<meta name=\"twitter:label1\" content=\"Est. reading time\" \/>\n\t<meta name=\"twitter:data1\" content=\"1 minute\" \/>\n<script type=\"application\/ld+json\" class=\"yoast-schema-graph\">{\"@context\":\"https:\/\/schema.org\",\"@graph\":[{\"@type\":\"WebPage\",\"@id\":\"https:\/\/levelupspindles.de\/impressum\/\",\"url\":\"https:\/\/levelupspindles.de\/impressum\/\",\"name\":\"Impressum - levelupspindles\",\"isPartOf\":{\"@id\":\"https:\/\/levelupspindles.de\/de_de\/#website\"},\"datePublished\":\"2025-01-27T10:37:14+00:00\",\"dateModified\":\"2025-05-07T22:41:57+00:00\",\"breadcrumb\":{\"@id\":\"https:\/\/levelupspindles.de\/impressum\/#breadcrumb\"},\"inLanguage\":\"en-US\",\"potentialAction\":[{\"@type\":\"ReadAction\",\"target\":[\"https:\/\/levelupspindles.de\/impressum\/\"]}]},{\"@type\":\"BreadcrumbList\",\"@id\":\"https:\/\/levelupspindles.de\/impressum\/#breadcrumb\",\"itemListElement\":[{\"@type\":\"ListItem\",\"position\":1,\"name\":\"Startseite\",\"item\":\"https:\/\/levelupspindles.de\/de_de\/\"},{\"@type\":\"ListItem\",\"position\":2,\"name\":\"Impressum\"}]},{\"@type\":\"WebSite\",\"@id\":\"https:\/\/levelupspindles.de\/de_de\/#website\",\"url\":\"https:\/\/levelupspindles.de\/de_de\/\",\"name\":\"levelupspindles\",\"description\":\"\",\"publisher\":{\"@id\":\"https:\/\/levelupspindles.de\/de_de\/#organization\"},\"potentialAction\":[{\"@type\":\"SearchAction\",\"target\":{\"@type\":\"EntryPoint\",\"urlTemplate\":\"https:\/\/levelupspindles.de\/de_de\/?s={search_term_string}\"},\"query-input\":{\"@type\":\"PropertyValueSpecification\",\"valueRequired\":true,\"valueName\":\"search_term_string\"}}],\"inLanguage\":\"en-US\"},{\"@type\":\"Organization\",\"@id\":\"https:\/\/levelupspindles.de\/de_de\/#organization\",\"name\":\"levelupspindles\",\"url\":\"https:\/\/levelupspindles.de\/de_de\/\",\"logo\":{\"@type\":\"ImageObject\",\"inLanguage\":\"en-US\",\"@id\":\"https:\/\/levelupspindles.de\/de_de\/#\/schema\/logo\/image\/\",\"url\":\"https:\/\/levelupspindles.de\/wp-content\/uploads\/2025\/05\/LUS-LOGO-1253x600-3.png\",\"contentUrl\":\"https:\/\/levelupspindles.de\/wp-content\/uploads\/2025\/05\/LUS-LOGO-1253x600-3.png\",\"width\":1253,\"height\":600,\"caption\":\"levelupspindles\"},\"image\":{\"@id\":\"https:\/\/levelupspindles.de\/de_de\/#\/schema\/logo\/image\/\"}}]}<\/script>\n<!-- \/ Yoast SEO plugin. -->","yoast_head_json":{"title":"Impressum - levelupspindles","robots":{"index":"index","follow":"follow","max-snippet":"max-snippet:-1","max-image-preview":"max-image-preview:large","max-video-preview":"max-video-preview:-1"},"canonical":"https:\/\/levelupspindles.de\/en\/impressum\/","og_locale":"en_US","og_type":"article","og_title":"Impressum - levelupspindles","og_description":"LevelupSpindles Neumarkt 10 (Homeoffice &#8211; Anlieferungsadresse) 32105 Bad Salzuflen DEUTSCHLAND Inhaber: Serafettin \u00d6zbayram Kontakt: Telefon: +49 5222 2888032 Mobil: +49 151 70102969 WhatsApp: +49 151 70102969 E-Mail: service@levelupspindles.de Umsatzsteuer-ID: DE 368842882 Zust\u00e4ndiges Amtsgericht: Lemgo Website Umsetzung: LANGLUCKY Alternative Streitbeilegung gem\u00e4\u00df Art. 14 Abs. 1 ODR-VO und \u00a7 36 VSBG: Die Europ\u00e4ische Kommission stellt eine Plattform [&hellip;]","og_url":"https:\/\/levelupspindles.de\/en\/impressum\/","og_site_name":"levelupspindles","article_modified_time":"2025-05-07T22:41:57+00:00","twitter_card":"summary_large_image","twitter_misc":{"Est. reading time":"1 minute"},"schema":{"@context":"https:\/\/schema.org","@graph":[{"@type":"WebPage","@id":"https:\/\/levelupspindles.de\/impressum\/","url":"https:\/\/levelupspindles.de\/impressum\/","name":"Impressum - levelupspindles","isPartOf":{"@id":"https:\/\/levelupspindles.de\/de_de\/#website"},"datePublished":"2025-01-27T10:37:14+00:00","dateModified":"2025-05-07T22:41:57+00:00","breadcrumb":{"@id":"https:\/\/levelupspindles.de\/impressum\/#breadcrumb"},"inLanguage":"en-US","potentialAction":[{"@type":"ReadAction","target":["https:\/\/levelupspindles.de\/impressum\/"]}]},{"@type":"BreadcrumbList","@id":"https:\/\/levelupspindles.de\/impressum\/#breadcrumb","itemListElement":[{"@type":"ListItem","position":1,"name":"Startseite","item":"https:\/\/levelupspindles.de\/de_de\/"},{"@type":"ListItem","position":2,"name":"Impressum"}]},{"@type":"WebSite","@id":"https:\/\/levelupspindles.de\/de_de\/#website","url":"https:\/\/levelupspindles.de\/de_de\/","name":"levelupspindles","description":"","publisher":{"@id":"https:\/\/levelupspindles.de\/de_de\/#organization"},"potentialAction":[{"@type":"SearchAction","target":{"@type":"EntryPoint","urlTemplate":"https:\/\/levelupspindles.de\/de_de\/?s={search_term_string}"},"query-input":{"@type":"PropertyValueSpecification","valueRequired":true,"valueName":"search_term_string"}}],"inLanguage":"en-US"},{"@type":"Organization","@id":"https:\/\/levelupspindles.de\/de_de\/#organization","name":"levelupspindles","url":"https:\/\/levelupspindles.de\/de_de\/","logo":{"@type":"ImageObject","inLanguage":"en-US","@id":"https:\/\/levelupspindles.de\/de_de\/#\/schema\/logo\/image\/","url":"https:\/\/levelupspindles.de\/wp-content\/uploads\/2025\/05\/LUS-LOGO-1253x600-3.png","contentUrl":"https:\/\/levelupspindles.de\/wp-content\/uploads\/2025\/05\/LUS-LOGO-1253x600-3.png","width":1253,"height":600,"caption":"levelupspindles"},"image":{"@id":"https:\/\/levelupspindles.de\/de_de\/#\/schema\/logo\/image\/"}}]}},"_links":{"self":[{"href":"https:\/\/levelupspindles.de\/en\/wp-json\/wp\/v2\/pages\/55","targetHints":{"allow":["GET"]}}],"collection":[{"href":"https:\/\/levelupspindles.de\/en\/wp-json\/wp\/v2\/pages"}],"about":[{"href":"https:\/\/levelupspindles.de\/en\/wp-json\/wp\/v2\/types\/page"}],"author":[{"embeddable":true,"href":"https:\/\/levelupspindles.de\/en\/wp-json\/wp\/v2\/users\/1"}],"replies":[{"embeddable":true,"href":"https:\/\/levelupspindles.de\/en\/wp-json\/wp\/v2\/comments?post=55"}],"version-history":[{"count":10,"href":"https:\/\/levelupspindles.de\/en\/wp-json\/wp\/v2\/pages\/55\/revisions"}],"predecessor-version":[{"id":727,"href":"https:\/\/levelupspindles.de\/en\/wp-json\/wp\/v2\/pages\/55\/revisions\/727"}],"wp:attachment":[{"href":"https:\/\/levelupspindles.de\/en\/wp-json\/wp\/v2\/media?parent=55"}],"curies":[{"name":"wp","href":"https:\/\/api.w.org\/{rel}","templated":true}]}}